{"id":9704,"date":"2022-02-26T09:16:40","date_gmt":"2022-02-26T08:16:40","guid":{"rendered":"https:\/\/www.safety-case-solutions.com\/?post_type=product&#038;p=9704"},"modified":"2023-06-04T09:01:47","modified_gmt":"2023-06-04T07:01:47","slug":"duo-cadenas-2","status":"publish","type":"product","link":"https:\/\/www.safety-case-solutions.com\/index.php\/produit\/duo-cadenas-2\/","title":{"rendered":"Duo cadenas"},"content":{"rendered":"","protected":false},"excerpt":{"rendered":"<p>Offre la s\u00e9curit\u00e9 d&#8217;un cadenas mais peut \u00eatre facilement ouverte et inspect\u00e9e par la s\u00e9curit\u00e9 de l&#8217;a\u00e9roport, puis verrouill\u00e9e \u00e0 nouveau. La conception am\u00e9lior\u00e9e de la serrure accept\u00e9e par la TSA facilite son installation et son montage sur tous nos mod\u00e8les de valises NANUK. Pour une s\u00e9curit\u00e9 maximale, utilisez toujours deux serrures par valise.<\/p>\n<p><strong><a href=\"https:\/\/www.safety-case-solutions.com\/wp-content\/uploads\/2022\/02\/specsheet-accessories-new-padlock.pdf\">Fiche technique<\/a><\/strong><\/p>\n","protected":false},"featured_media":9715,"template":"","meta":[],"product_cat":[329,94],"product_tag":[],"composite_virtual":false,"composite_layout":"","composite_add_to_cart_form_location":"","composite_editable_in_cart":false,"composite_sold_individually_context":"","composite_shop_price_calc":"","composite_components":[],"composite_scenarios":[],"jetpack_sharing_enabled":true,"_links":{"self":[{"href":"https:\/\/www.safety-case-solutions.com\/index.php\/wp-json\/wp\/v2\/product\/9704"}],"collection":[{"href":"https:\/\/www.safety-case-solutions.com\/index.php\/wp-json\/wp\/v2\/product"}],"about":[{"href":"https:\/\/www.safety-case-solutions.com\/index.php\/wp-json\/wp\/v2\/types\/product"}],"wp:featuredmedia":[{"embeddable":true,"href":"https:\/\/www.safety-case-solutions.com\/index.php\/wp-json\/wp\/v2\/media\/9715"}],"wp:attachment":[{"href":"https:\/\/www.safety-case-solutions.com\/index.php\/wp-json\/wp\/v2\/media?parent=9704"}],"wp:term":[{"taxonomy":"product_cat","embeddable":true,"href":"https:\/\/www.safety-case-solutions.com\/index.php\/wp-json\/wp\/v2\/product_cat?post=9704"},{"taxonomy":"product_tag","embeddable":true,"href":"https:\/\/www.safety-case-solutions.com\/index.php\/wp-json\/wp\/v2\/product_tag?post=9704"}],"curies":[{"name":"wp","href":"https:\/\/api.w.org\/{rel}","templated":true}]}}