{"id":9669,"date":"2022-02-25T18:06:00","date_gmt":"2022-02-25T17:06:00","guid":{"rendered":"https:\/\/www.safety-case-solutions.com\/?post_type=product&#038;p=9669"},"modified":"2023-06-04T09:01:43","modified_gmt":"2023-06-04T07:01:43","slug":"nanuk-995-2","status":"publish","type":"product","link":"https:\/\/www.safety-case-solutions.com\/index.php\/produit\/nanuk-995-2\/","title":{"rendered":"Nanuk 995"},"content":{"rendered":"<p>Mesurant 52 po \u00e0 l&#8217;int\u00e9rieur, la NANUK 995 est notre plus longue mallette con\u00e7ue pour la protection extr\u00eame et le transport des carabines doubles, principalement. Elle a gagn\u00e9 la confiance des sportifs, des chasseurs, des forces de l&#8217;ordre et des militaires.<\/p>\n","protected":false},"excerpt":{"rendered":"<p>445,98\u20ac<br \/>\nMesurant 52 po \u00e0 l&#8217;int\u00e9rieur, la NANUK 995 est notre plus longue mallette con\u00e7ue pour la protection extr\u00eame et le transport des carabines doubles, principalement. Elle a gagn\u00e9 la confiance des sportifs, des chasseurs, des forces de l&#8217;ordre et des militaires.<\/p>\n<ul>\n<li>Int\u00e9rieur (L x l x H) : 1321 x 368 x 152 mm<\/li>\n<li>Ext\u00e9rieur (L x l x H) : 1399 x 440 x 168 mm<\/li>\n<li>\u00c9tanche \u00e0 l&#8217;eau (IPX7), \u00e0 la poussi\u00e8re (IP6X) et certifi\u00e9 MIL-SPEC<\/li>\n<li>Garantie \u00e0 vie<\/li>\n<li>Enregistrement de la compagnie a\u00e9rienne : Oui<\/li>\n<li>Bagages \u00e0 main en cabine : Non<\/li>\n<\/ul>\n<p><strong><a href=\"https:\/\/www.safety-case-solutions.com\/wp-content\/uploads\/2022\/02\/specsheet_995.pdf\">Fiche technique 995<\/a><\/strong><\/p>\n","protected":false},"featured_media":677,"template":"","meta":[],"product_cat":[95,277,105],"product_tag":[],"composite_virtual":false,"composite_layout":"","composite_add_to_cart_form_location":"","composite_editable_in_cart":false,"composite_sold_individually_context":"","composite_shop_price_calc":"","composite_components":[],"composite_scenarios":[],"jetpack_sharing_enabled":true,"_links":{"self":[{"href":"https:\/\/www.safety-case-solutions.com\/index.php\/wp-json\/wp\/v2\/product\/9669"}],"collection":[{"href":"https:\/\/www.safety-case-solutions.com\/index.php\/wp-json\/wp\/v2\/product"}],"about":[{"href":"https:\/\/www.safety-case-solutions.com\/index.php\/wp-json\/wp\/v2\/types\/product"}],"wp:featuredmedia":[{"embeddable":true,"href":"https:\/\/www.safety-case-solutions.com\/index.php\/wp-json\/wp\/v2\/media\/677"}],"wp:attachment":[{"href":"https:\/\/www.safety-case-solutions.com\/index.php\/wp-json\/wp\/v2\/media?parent=9669"}],"wp:term":[{"taxonomy":"product_cat","embeddable":true,"href":"https:\/\/www.safety-case-solutions.com\/index.php\/wp-json\/wp\/v2\/product_cat?post=9669"},{"taxonomy":"product_tag","embeddable":true,"href":"https:\/\/www.safety-case-solutions.com\/index.php\/wp-json\/wp\/v2\/product_tag?post=9669"}],"curies":[{"name":"wp","href":"https:\/\/api.w.org\/{rel}","templated":true}]}}