{"id":9645,"date":"2022-02-25T18:05:36","date_gmt":"2022-02-25T17:05:36","guid":{"rendered":"https:\/\/www.safety-case-solutions.com\/?post_type=product&#038;p=9645"},"modified":"2023-06-04T09:01:40","modified_gmt":"2023-06-04T07:01:40","slug":"nanuk-960-olive-2","status":"publish","type":"product","link":"https:\/\/www.safety-case-solutions.com\/index.php\/produit\/nanuk-960-olive-2\/","title":{"rendered":"Nanuk 960 Olive"},"content":{"rendered":"<p>D&#8217;une longueur de 22 pouces et d&#8217;une profondeur de pr\u00e8s de 13 pouces, la 960 \u00e0 roulettes est r\u00e9sistante \u00e0 l&#8217;eau, aux chocs et aux impacts importants et peut stocker un grand nombre de vos objets essentiels. Facile \u00e0 d\u00e9placer, la valise protectrice vous fait traverser n&#8217;importe quel terrain.<\/p>\n","protected":false},"excerpt":{"rendered":"<p>D&#8217;une longueur de 22 pouces et d&#8217;une profondeur de pr\u00e8s de 13 pouces, la 960 \u00e0 roulettes est r\u00e9sistante \u00e0 l&#8217;eau, aux chocs et aux impacts importants et peut stocker un grand nombre de vos objets essentiels. Facile \u00e0 d\u00e9placer, la valise protectrice vous fait traverser n&#8217;importe quel terrain.<\/p>\n<ul>\n<li>Int\u00e9rieur (L x l x H) : 559 x 432 x 328 mm<\/li>\n<li>Ext\u00e9rieur (L x l x H) : 645 x 508 x 368 mm<\/li>\n<li>\u00c9tanche \u00e0 l&#8217;eau (IPX7), \u00e0 la poussi\u00e8re (IP6X) et certifi\u00e9 MIL-SPEC<\/li>\n<li>Garantie \u00e0 vie et garantie de satisfaction de 30 jours<\/li>\n<li>Enregistrement de la compagnie a\u00e9rienne : Oui<\/li>\n<li>Bagages \u00e0 main en cabine : Non<\/li>\n<\/ul>\n","protected":false},"featured_media":974,"template":"","meta":[],"product_cat":[183,83],"product_tag":[],"composite_virtual":false,"composite_layout":"","composite_add_to_cart_form_location":"","composite_editable_in_cart":false,"composite_sold_individually_context":"","composite_shop_price_calc":"","composite_components":[],"composite_scenarios":[],"jetpack_sharing_enabled":true,"_links":{"self":[{"href":"https:\/\/www.safety-case-solutions.com\/index.php\/wp-json\/wp\/v2\/product\/9645"}],"collection":[{"href":"https:\/\/www.safety-case-solutions.com\/index.php\/wp-json\/wp\/v2\/product"}],"about":[{"href":"https:\/\/www.safety-case-solutions.com\/index.php\/wp-json\/wp\/v2\/types\/product"}],"wp:featuredmedia":[{"embeddable":true,"href":"https:\/\/www.safety-case-solutions.com\/index.php\/wp-json\/wp\/v2\/media\/974"}],"wp:attachment":[{"href":"https:\/\/www.safety-case-solutions.com\/index.php\/wp-json\/wp\/v2\/media?parent=9645"}],"wp:term":[{"taxonomy":"product_cat","embeddable":true,"href":"https:\/\/www.safety-case-solutions.com\/index.php\/wp-json\/wp\/v2\/product_cat?post=9645"},{"taxonomy":"product_tag","embeddable":true,"href":"https:\/\/www.safety-case-solutions.com\/index.php\/wp-json\/wp\/v2\/product_tag?post=9645"}],"curies":[{"name":"wp","href":"https:\/\/api.w.org\/{rel}","templated":true}]}}