{"id":9454,"date":"2022-02-25T18:02:52","date_gmt":"2022-02-25T17:02:52","guid":{"rendered":"https:\/\/www.safety-case-solutions.com\/?post_type=product&#038;p=9454"},"modified":"2023-06-04T09:01:11","modified_gmt":"2023-06-04T07:01:11","slug":"nanuk-909-2","status":"publish","type":"product","link":"https:\/\/www.safety-case-solutions.com\/index.php\/produit\/nanuk-909-2\/","title":{"rendered":"Nanuk 909"},"content":{"rendered":"<p>Con\u00e7ue pour organiser, prot\u00e9ger, transporter et survivre dans des conditions difficiles, la mallette rigide \u00e9tanche NANUK 909 est imp\u00e9n\u00e9trable et indestructible gr\u00e2ce \u00e0 sa coque en r\u00e9sine NK-7 l\u00e9g\u00e8re et r\u00e9sistante et \u00e0 son syst\u00e8me de verrouillage sup\u00e9rieur PowerClaw.<\/p>\n","protected":false},"excerpt":{"rendered":"<p>75,48\u20ac<br \/>\nCon\u00e7ue pour organiser, prot\u00e9ger, transporter et survivre dans des conditions difficiles, la mallette rigide \u00e9tanche NANUK 909 est imp\u00e9n\u00e9trable et indestructible gr\u00e2ce \u00e0 sa coque en r\u00e9sine NK-7 l\u00e9g\u00e8re et r\u00e9sistante et \u00e0 son syst\u00e8me de verrouillage sup\u00e9rieur PowerClaw.<\/p>\n<ul>\n<li>Int\u00e9rieur (L x l x H) : 291 x 178 x 93 mm<\/li>\n<li>Ext\u00e9rieur (L x l x H) : 321 x 229 x 111 mm<\/li>\n<li>\u00c9tanche \u00e0 l&#8217;eau (IPX7), \u00e0 la poussi\u00e8re (IP6X) et certifi\u00e9 MIL-SPEC<\/li>\n<li>Garantie \u00e0 vie<\/li>\n<li>Enregistrement de la compagnie a\u00e9rienne : Oui<\/li>\n<li>Bagages \u00e0 main en cabine : Oui<\/li>\n<\/ul>\n<p><strong><a href=\"https:\/\/www.safety-case-solutions.com\/wp-content\/uploads\/2022\/02\/specsheet_909.pdf\">Fiche technique 909<\/a><\/strong><\/p>\n","protected":false},"featured_media":625,"template":"","meta":[],"product_cat":[95,277,105],"product_tag":[],"composite_virtual":false,"composite_layout":"","composite_add_to_cart_form_location":"","composite_editable_in_cart":false,"composite_sold_individually_context":"","composite_shop_price_calc":"","composite_components":[],"composite_scenarios":[],"jetpack_sharing_enabled":true,"_links":{"self":[{"href":"https:\/\/www.safety-case-solutions.com\/index.php\/wp-json\/wp\/v2\/product\/9454"}],"collection":[{"href":"https:\/\/www.safety-case-solutions.com\/index.php\/wp-json\/wp\/v2\/product"}],"about":[{"href":"https:\/\/www.safety-case-solutions.com\/index.php\/wp-json\/wp\/v2\/types\/product"}],"wp:featuredmedia":[{"embeddable":true,"href":"https:\/\/www.safety-case-solutions.com\/index.php\/wp-json\/wp\/v2\/media\/625"}],"wp:attachment":[{"href":"https:\/\/www.safety-case-solutions.com\/index.php\/wp-json\/wp\/v2\/media?parent=9454"}],"wp:term":[{"taxonomy":"product_cat","embeddable":true,"href":"https:\/\/www.safety-case-solutions.com\/index.php\/wp-json\/wp\/v2\/product_cat?post=9454"},{"taxonomy":"product_tag","embeddable":true,"href":"https:\/\/www.safety-case-solutions.com\/index.php\/wp-json\/wp\/v2\/product_tag?post=9454"}],"curies":[{"name":"wp","href":"https:\/\/api.w.org\/{rel}","templated":true}]}}