{"id":9396,"date":"2022-02-25T18:02:02","date_gmt":"2022-02-25T17:02:02","guid":{"rendered":"https:\/\/www.safety-case-solutions.com\/?post_type=product&#038;p=9396"},"modified":"2023-06-04T09:01:01","modified_gmt":"2023-06-04T07:01:01","slug":"nanuk-903-rouge-2","status":"publish","type":"product","link":"https:\/\/www.safety-case-solutions.com\/index.php\/produit\/nanuk-903-rouge-2\/","title":{"rendered":"Nanuk 903 Rouge"},"content":{"rendered":"<p>Parfaite pour organiser, prot\u00e9ger et transporter votre petit mat\u00e9riel le plus important, la mallette \u00e9tanche 903 de NANUK est imp\u00e9n\u00e9trable et indestructible gr\u00e2ce \u00e0 sa coque en r\u00e9sine l\u00e9g\u00e8re et r\u00e9sistante et \u00e0 ses doubles lat\u00e9raux PowerClaw&#8230;<\/p>\n","protected":false},"excerpt":{"rendered":"<p>Parfaite pour organiser, prot\u00e9ger et transporter votre petit mat\u00e9riel le plus important, la mallette \u00e9tanche 903 de NANUK est imp\u00e9n\u00e9trable et indestructible gr\u00e2ce \u00e0 sa coque en r\u00e9sine l\u00e9g\u00e8re et r\u00e9sistante et \u00e0 ses doubles lat\u00e9raux PowerClaw&#8230;<\/p>\n<ul>\n<li>Int\u00e9rieur (L x l x H) : 188 x 124 x 79 mm<\/li>\n<li>Ext\u00e9rieur (L x l x H) : 231 x 173 x 97 mm<\/li>\n<li>\u00c9tanche \u00e0 l&#8217;eau (IPX7), \u00e0 la poussi\u00e8re (IP6X) et certifi\u00e9 MIL-SPEC<\/li>\n<li>Garantie \u00e0 vie et garantie de satisfaction de 30 jours<\/li>\n<li>Enregistrement de la compagnie a\u00e9rienne : Oui<\/li>\n<li>Bagages \u00e0 main en cabine : Oui<\/li>\n<\/ul>\n","protected":false},"featured_media":743,"template":"","meta":[],"product_cat":[164,83],"product_tag":[],"composite_virtual":false,"composite_layout":"","composite_add_to_cart_form_location":"","composite_editable_in_cart":false,"composite_sold_individually_context":"","composite_shop_price_calc":"","composite_components":[],"composite_scenarios":[],"jetpack_sharing_enabled":true,"_links":{"self":[{"href":"https:\/\/www.safety-case-solutions.com\/index.php\/wp-json\/wp\/v2\/product\/9396"}],"collection":[{"href":"https:\/\/www.safety-case-solutions.com\/index.php\/wp-json\/wp\/v2\/product"}],"about":[{"href":"https:\/\/www.safety-case-solutions.com\/index.php\/wp-json\/wp\/v2\/types\/product"}],"wp:featuredmedia":[{"embeddable":true,"href":"https:\/\/www.safety-case-solutions.com\/index.php\/wp-json\/wp\/v2\/media\/743"}],"wp:attachment":[{"href":"https:\/\/www.safety-case-solutions.com\/index.php\/wp-json\/wp\/v2\/media?parent=9396"}],"wp:term":[{"taxonomy":"product_cat","embeddable":true,"href":"https:\/\/www.safety-case-solutions.com\/index.php\/wp-json\/wp\/v2\/product_cat?post=9396"},{"taxonomy":"product_tag","embeddable":true,"href":"https:\/\/www.safety-case-solutions.com\/index.php\/wp-json\/wp\/v2\/product_tag?post=9396"}],"curies":[{"name":"wp","href":"https:\/\/api.w.org\/{rel}","templated":true}]}}