{"id":9366,"date":"2022-02-25T18:01:39","date_gmt":"2022-02-25T17:01:39","guid":{"rendered":"https:\/\/www.safety-case-solutions.com\/?post_type=product&#038;p=9366"},"modified":"2023-06-04T09:00:56","modified_gmt":"2023-06-04T07:00:56","slug":"panneau-bas-nanuk-933-aluminium-2","status":"publish","type":"product","link":"https:\/\/www.safety-case-solutions.com\/index.php\/produit\/panneau-bas-nanuk-933-aluminium-2\/","title":{"rendered":"Panneau bas Nanuk 933 ALUMINIUM."},"content":{"rendered":"<p>Panneaux en Alumium facilement ajoutable aux mallettes. Le Panneaux Alumium est profil\u00e9 gr\u00e2ce \u00e0 son \u00e9paisseur de  1\/8&#8243;, ses vis de montage en acier inoxydable et un joint d&#8217;\u00e9tanch\u00e9it\u00e9 d\u00e9coup\u00e9 \u00e0 l&#8217;emporte-pi\u00e8ce.<\/p>\n","protected":false},"excerpt":{"rendered":"<p>Panneaux en Alumium facilement ajout\u00e9 aux mallettes gr\u00e2ce au syst\u00e8me de lunette int\u00e9gr\u00e9, il r\u00e9pondra pleinement aux am\u00e9nagements de vos projets.<\/p>\n","protected":false},"featured_media":3242,"template":"","meta":[],"product_cat":[304,281],"product_tag":[],"composite_virtual":false,"composite_layout":"","composite_add_to_cart_form_location":"","composite_editable_in_cart":false,"composite_sold_individually_context":"","composite_shop_price_calc":"","composite_components":[],"composite_scenarios":[],"jetpack_sharing_enabled":true,"_links":{"self":[{"href":"https:\/\/www.safety-case-solutions.com\/index.php\/wp-json\/wp\/v2\/product\/9366"}],"collection":[{"href":"https:\/\/www.safety-case-solutions.com\/index.php\/wp-json\/wp\/v2\/product"}],"about":[{"href":"https:\/\/www.safety-case-solutions.com\/index.php\/wp-json\/wp\/v2\/types\/product"}],"wp:featuredmedia":[{"embeddable":true,"href":"https:\/\/www.safety-case-solutions.com\/index.php\/wp-json\/wp\/v2\/media\/3242"}],"wp:attachment":[{"href":"https:\/\/www.safety-case-solutions.com\/index.php\/wp-json\/wp\/v2\/media?parent=9366"}],"wp:term":[{"taxonomy":"product_cat","embeddable":true,"href":"https:\/\/www.safety-case-solutions.com\/index.php\/wp-json\/wp\/v2\/product_cat?post=9366"},{"taxonomy":"product_tag","embeddable":true,"href":"https:\/\/www.safety-case-solutions.com\/index.php\/wp-json\/wp\/v2\/product_tag?post=9366"}],"curies":[{"name":"wp","href":"https:\/\/api.w.org\/{rel}","templated":true}]}}