{"id":9250,"date":"2022-02-25T18:00:01","date_gmt":"2022-02-25T17:00:01","guid":{"rendered":"https:\/\/www.safety-case-solutions.com\/?post_type=product&#038;p=9250"},"modified":"2023-06-04T09:00:38","modified_gmt":"2023-06-04T07:00:38","slug":"kit-de-modernisation-des-verrous-2","status":"publish","type":"product","link":"https:\/\/www.safety-case-solutions.com\/index.php\/produit\/kit-de-modernisation-des-verrous-2\/","title":{"rendered":"Kit de modernisation des verrous"},"content":{"rendered":"","protected":false},"excerpt":{"rendered":"<p>Le kit de mise \u00e0 niveau facile \u00e0 installer peut \u00eatre install\u00e9 sur de nombreuses valises NANUK et ajoute une couche de s\u00e9curit\u00e9 suppl\u00e9mentaire \u00e0 votre valise. Tous nos loquets TSA portent le logo Travel Sentry\u00ae Red Diamond, qui permet au personnel de s\u00e9curit\u00e9 d&#8217;ouvrir votre valise pour l&#8217;inspecter si n\u00e9cessaire pendant le voyage. Chaque verrou poss\u00e8de un code sp\u00e9cial TSA001 \u00e0 TSA003, qui est utilis\u00e9 par la TSA, l&#8217;ACSTA et d&#8217;autres agences de s\u00e9curit\u00e9 pour savoir quel outil de s\u00e9curit\u00e9 utiliser pour ouvrir le verrou.<strong>\u00a0*Compatible avec NANUK 905\u00a0\u00a0\u2013\u00a0908 \u2013 915\u00a0\u00a0\u2013\u00a0\u00a0918 \u2013 920 \u2013 925 \u2013 933 \u2013 935\u00a0\u00a0\u2013\u00a0930\u00a0\u00a0&#8211; \u2013 938\u00a0&#8211; \u2013 940 \u2013 945 \u2013 950\u00a0\u00a0\u2013\u00a0955\u00a0&#8211; \u2013 963\u00a0&#8211; \u2013 965\u00a0\u2013 960\u00a0\u00a0\u2013\u00a0968\u00a0&#8211; \u2013 970\u00a0des affaires.<\/strong><\/p>\n<p><strong><a href=\"https:\/\/www.safety-case-solutions.com\/wp-content\/uploads\/2022\/03\/TSA_latch-sell-sheet-1.pdf\">Fiche technique<\/a><\/strong><\/p>\n","protected":false},"featured_media":610,"template":"","meta":[],"product_cat":[329,94],"product_tag":[],"composite_virtual":false,"composite_layout":"","composite_add_to_cart_form_location":"","composite_editable_in_cart":false,"composite_sold_individually_context":"","composite_shop_price_calc":"","composite_components":[],"composite_scenarios":[],"jetpack_sharing_enabled":true,"_links":{"self":[{"href":"https:\/\/www.safety-case-solutions.com\/index.php\/wp-json\/wp\/v2\/product\/9250"}],"collection":[{"href":"https:\/\/www.safety-case-solutions.com\/index.php\/wp-json\/wp\/v2\/product"}],"about":[{"href":"https:\/\/www.safety-case-solutions.com\/index.php\/wp-json\/wp\/v2\/types\/product"}],"wp:featuredmedia":[{"embeddable":true,"href":"https:\/\/www.safety-case-solutions.com\/index.php\/wp-json\/wp\/v2\/media\/610"}],"wp:attachment":[{"href":"https:\/\/www.safety-case-solutions.com\/index.php\/wp-json\/wp\/v2\/media?parent=9250"}],"wp:term":[{"taxonomy":"product_cat","embeddable":true,"href":"https:\/\/www.safety-case-solutions.com\/index.php\/wp-json\/wp\/v2\/product_cat?post=9250"},{"taxonomy":"product_tag","embeddable":true,"href":"https:\/\/www.safety-case-solutions.com\/index.php\/wp-json\/wp\/v2\/product_tag?post=9250"}],"curies":[{"name":"wp","href":"https:\/\/api.w.org\/{rel}","templated":true}]}}