{"id":9238,"date":"2022-02-25T17:59:59","date_gmt":"2022-02-25T16:59:59","guid":{"rendered":"https:\/\/www.safety-case-solutions.com\/?post_type=product&#038;p=9238"},"modified":"2023-06-04T09:00:37","modified_gmt":"2023-06-04T07:00:37","slug":"nanuk-968-2","status":"publish","type":"product","link":"https:\/\/www.safety-case-solutions.com\/index.php\/produit\/nanuk-968-2\/","title":{"rendered":"Nanuk 968"},"content":{"rendered":"<p>Avec une capacit\u00e9 de plus de 275 pouces cubes, la mallette \u00e9tanche 968 de NANUK, dot\u00e9e d&#8217;une poign\u00e9e r\u00e9tractable et de roues faciles \u00e0 glisser, permet de ranger et de transporter tout un tas de mat\u00e9riel. Construite pour organiser, prot\u00e9ger, transporter et survivre dans des conditions difficiles.<\/p>\n","protected":false},"excerpt":{"rendered":"<p>433,15\u20ac<br \/>\nAvec une capacit\u00e9 de plus de 275 pouces cubes, la mallette \u00e9tanche 968 de NANUK, dot\u00e9e d&#8217;une poign\u00e9e r\u00e9tractable et de roues faciles \u00e0 glisser, permet de ranger et de transporter tout un tas de mat\u00e9riel. Construite pour organiser, prot\u00e9ger, transporter et survivre dans des conditions difficiles.<\/p>\n<ul>\n<li>Int\u00e9rieur (L x l x H) : 546 x 546 x 300 mm<\/li>\n<li>Ext\u00e9rieur (L x l x H) : 610 x 627 x 345 mm<\/li>\n<li>\u00c9tanche \u00e0 l&#8217;eau (IPX7), \u00e0 la poussi\u00e8re (IP6X) et certifi\u00e9 MIL-SPEC<\/li>\n<li>Garantie \u00e0 vie<\/li>\n<li>Enregistrement de la compagnie a\u00e9rienne : Oui<\/li>\n<li>Bagages \u00e0 main en cabine : Non<\/li>\n<\/ul>\n<p><strong><a href=\"https:\/\/www.safety-case-solutions.com\/wp-content\/uploads\/2022\/02\/specsheet_968.pdf\">Fiche technique 968<\/a><\/strong><\/p>\n","protected":false},"featured_media":662,"template":"","meta":[],"product_cat":[95,277,105],"product_tag":[],"composite_virtual":false,"composite_layout":"","composite_add_to_cart_form_location":"","composite_editable_in_cart":false,"composite_sold_individually_context":"","composite_shop_price_calc":"","composite_components":[],"composite_scenarios":[],"jetpack_sharing_enabled":true,"_links":{"self":[{"href":"https:\/\/www.safety-case-solutions.com\/index.php\/wp-json\/wp\/v2\/product\/9238"}],"collection":[{"href":"https:\/\/www.safety-case-solutions.com\/index.php\/wp-json\/wp\/v2\/product"}],"about":[{"href":"https:\/\/www.safety-case-solutions.com\/index.php\/wp-json\/wp\/v2\/types\/product"}],"wp:featuredmedia":[{"embeddable":true,"href":"https:\/\/www.safety-case-solutions.com\/index.php\/wp-json\/wp\/v2\/media\/662"}],"wp:attachment":[{"href":"https:\/\/www.safety-case-solutions.com\/index.php\/wp-json\/wp\/v2\/media?parent=9238"}],"wp:term":[{"taxonomy":"product_cat","embeddable":true,"href":"https:\/\/www.safety-case-solutions.com\/index.php\/wp-json\/wp\/v2\/product_cat?post=9238"},{"taxonomy":"product_tag","embeddable":true,"href":"https:\/\/www.safety-case-solutions.com\/index.php\/wp-json\/wp\/v2\/product_tag?post=9238"}],"curies":[{"name":"wp","href":"https:\/\/api.w.org\/{rel}","templated":true}]}}