{"id":9237,"date":"2022-02-25T17:59:59","date_gmt":"2022-02-25T16:59:59","guid":{"rendered":"https:\/\/www.safety-case-solutions.com\/?post_type=product&#038;p=9237"},"modified":"2023-06-04T09:00:37","modified_gmt":"2023-06-04T07:00:37","slug":"nanuk-965-2","status":"publish","type":"product","link":"https:\/\/www.safety-case-solutions.com\/index.php\/produit\/nanuk-965-2\/","title":{"rendered":"Nanuk 965"},"content":{"rendered":"<p>La NANUK 965 est grande et solide, mais \u00e9tonnamment facile \u00e0 man\u0153uvrer. D&#8217;une longueur de 29 pouces et d&#8217;une profondeur de pr\u00e8s de 14 pouces, elle est con\u00e7ue pour organiser, prot\u00e9ger et transporter un grand nombre de vos objets essentiels. Cette mallette rigide \u00e9tanche est imp\u00e9n\u00e9trable et indestructible.<\/p>\n","protected":false},"excerpt":{"rendered":"<p>480,65\u20ac<br \/>\nLa NANUK 965 est grande et solide, mais \u00e9tonnamment facile \u00e0 man\u0153uvrer. D&#8217;une longueur de 29 pouces et d&#8217;une profondeur de pr\u00e8s de 14 pouces, elle est con\u00e7ue pour organiser, prot\u00e9ger et transporter un grand nombre de vos objets essentiels. Cette mallette rigide \u00e9tanche est imp\u00e9n\u00e9trable et indestructible.<\/p>\n<ul>\n<li>Int\u00e9rieur (L x l x H) : 737 x 457 x 356 mm<\/li>\n<li>Ext\u00e9rieur (L x l x H) : 826 x 536 x 406 mm<\/li>\n<li>\u00c9tanche \u00e0 l&#8217;eau (IPX7), \u00e0 la poussi\u00e8re (IP6X) et certifi\u00e9 MIL-SPEC<\/li>\n<li>Garantie \u00e0 vie<\/li>\n<li>Enregistrement de la compagnie a\u00e9rienne : Oui<\/li>\n<li>Bagages \u00e0 main en cabine : Non<\/li>\n<\/ul>\n<p><strong><a href=\"https:\/\/www.safety-case-solutions.com\/wp-content\/uploads\/2022\/02\/965_NANUK_Spec_Sheet.pdf\">Fiche technique 965<\/a><\/strong><\/p>\n","protected":false},"featured_media":660,"template":"","meta":[],"product_cat":[95,277,105],"product_tag":[],"composite_virtual":false,"composite_layout":"","composite_add_to_cart_form_location":"","composite_editable_in_cart":false,"composite_sold_individually_context":"","composite_shop_price_calc":"","composite_components":[],"composite_scenarios":[],"jetpack_sharing_enabled":true,"_links":{"self":[{"href":"https:\/\/www.safety-case-solutions.com\/index.php\/wp-json\/wp\/v2\/product\/9237"}],"collection":[{"href":"https:\/\/www.safety-case-solutions.com\/index.php\/wp-json\/wp\/v2\/product"}],"about":[{"href":"https:\/\/www.safety-case-solutions.com\/index.php\/wp-json\/wp\/v2\/types\/product"}],"wp:featuredmedia":[{"embeddable":true,"href":"https:\/\/www.safety-case-solutions.com\/index.php\/wp-json\/wp\/v2\/media\/660"}],"wp:attachment":[{"href":"https:\/\/www.safety-case-solutions.com\/index.php\/wp-json\/wp\/v2\/media?parent=9237"}],"wp:term":[{"taxonomy":"product_cat","embeddable":true,"href":"https:\/\/www.safety-case-solutions.com\/index.php\/wp-json\/wp\/v2\/product_cat?post=9237"},{"taxonomy":"product_tag","embeddable":true,"href":"https:\/\/www.safety-case-solutions.com\/index.php\/wp-json\/wp\/v2\/product_tag?post=9237"}],"curies":[{"name":"wp","href":"https:\/\/api.w.org\/{rel}","templated":true}]}}