{"id":9233,"date":"2022-02-25T17:59:59","date_gmt":"2022-02-25T16:59:59","guid":{"rendered":"https:\/\/www.safety-case-solutions.com\/?post_type=product&#038;p=9233"},"modified":"2023-06-04T09:00:37","modified_gmt":"2023-06-04T07:00:37","slug":"nanuk-950-2","status":"publish","type":"product","link":"https:\/\/www.safety-case-solutions.com\/index.php\/produit\/nanuk-950-2\/","title":{"rendered":"Nanuk 950"},"content":{"rendered":"<p>M\u00eame avec ses 20,5 po de longueur et 15,3 po de profondeur, la NANUK 950 facilite le d\u00e9placement de mat\u00e9riel lourd. Ses roues en polyur\u00e9thane sont douces sur toutes les surfaces et la poign\u00e9e r\u00e9tractable d&#8217;une seule main vous permet de vous rendre du point A au point B sans transpirer.<\/p>\n","protected":false},"excerpt":{"rendered":"<p>307,75\u20ac<br \/>\nM\u00eame avec ses 20,5 po de longueur et 15,3 po de profondeur, la NANUK 950 facilite le d\u00e9placement de mat\u00e9riel lourd. Ses roues en polyur\u00e9thane sont douces sur toutes les surfaces et la poign\u00e9e r\u00e9tractable d&#8217;une seule main vous permet de vous rendre du point A au point B sans transpirer.<\/p>\n<ul>\n<li>Int\u00e9rieur (L x l x H) : 521 x 389 x 257 mm<\/li>\n<li>Ext\u00e9rieur (L x l x H) : 579 x 465 x 297 mm<\/li>\n<li>\u00c9tanche \u00e0 l&#8217;eau (IPX7), \u00e0 la poussi\u00e8re (IP6X) et certifi\u00e9 MIL-SPEC<\/li>\n<li>Garantie \u00e0 vie<\/li>\n<li>Enregistrement de la compagnie a\u00e9rienne : Oui<\/li>\n<li>Bagages \u00e0 main en cabine : Non<\/li>\n<\/ul>\n<p><strong><a href=\"https:\/\/www.safety-case-solutions.com\/wp-content\/uploads\/2022\/02\/specsheet_950-1.pdf\">Fiche technique 950<\/a><\/strong><\/p>\n","protected":false},"featured_media":652,"template":"","meta":[],"product_cat":[95,277,105],"product_tag":[],"composite_virtual":false,"composite_layout":"","composite_add_to_cart_form_location":"","composite_editable_in_cart":false,"composite_sold_individually_context":"","composite_shop_price_calc":"","composite_components":[],"composite_scenarios":[],"jetpack_sharing_enabled":true,"_links":{"self":[{"href":"https:\/\/www.safety-case-solutions.com\/index.php\/wp-json\/wp\/v2\/product\/9233"}],"collection":[{"href":"https:\/\/www.safety-case-solutions.com\/index.php\/wp-json\/wp\/v2\/product"}],"about":[{"href":"https:\/\/www.safety-case-solutions.com\/index.php\/wp-json\/wp\/v2\/types\/product"}],"wp:featuredmedia":[{"embeddable":true,"href":"https:\/\/www.safety-case-solutions.com\/index.php\/wp-json\/wp\/v2\/media\/652"}],"wp:attachment":[{"href":"https:\/\/www.safety-case-solutions.com\/index.php\/wp-json\/wp\/v2\/media?parent=9233"}],"wp:term":[{"taxonomy":"product_cat","embeddable":true,"href":"https:\/\/www.safety-case-solutions.com\/index.php\/wp-json\/wp\/v2\/product_cat?post=9233"},{"taxonomy":"product_tag","embeddable":true,"href":"https:\/\/www.safety-case-solutions.com\/index.php\/wp-json\/wp\/v2\/product_tag?post=9233"}],"curies":[{"name":"wp","href":"https:\/\/api.w.org\/{rel}","templated":true}]}}