{"id":9232,"date":"2022-02-25T17:59:59","date_gmt":"2022-02-25T16:59:59","guid":{"rendered":"https:\/\/www.safety-case-solutions.com\/?post_type=product&#038;p=9232"},"modified":"2023-06-04T09:00:36","modified_gmt":"2023-06-04T07:00:36","slug":"nanuk-945-2","status":"publish","type":"product","link":"https:\/\/www.safety-case-solutions.com\/index.php\/produit\/nanuk-945-2\/","title":{"rendered":"Nanuk 945"},"content":{"rendered":"<p>M\u00eame les conditions les plus turbulentes n&#8217;ont aucune chance contre la NANUK 945. Avec ses quatre loquets PowerClaw et sa coque en r\u00e9sine NK-7, c&#8217;est la mallette parfaite pour le mat\u00e9riel m\u00e9dical, les appareils photo, les armes \u00e0 feu, les drones et tout autre objet de valeur encombrant.<\/p>\n","protected":false},"excerpt":{"rendered":"<p>292,55\u20ac<br \/>\nM\u00eame les conditions les plus turbulentes n&#8217;ont aucune chance contre la NANUK 945. Avec ses quatre loquets PowerClaw et sa coque en r\u00e9sine NK-7, c&#8217;est la mallette parfaite pour le mat\u00e9riel m\u00e9dical, les appareils photo, les armes \u00e0 feu, les drones et tout autre objet de valeur encombrant.<\/p>\n<ul>\n<li>Int\u00e9rieur (L x l x H) : 559 x 432 x 208 mm<\/li>\n<li>Ext\u00e9rieur (L x l x H) : 638 x 505 x 224 mm<\/li>\n<li>\u00c9tanche \u00e0 l&#8217;eau (IPX7), \u00e0 la poussi\u00e8re (IP6X) et certifi\u00e9 MIL-SPEC<\/li>\n<li>Garantie \u00e0 vie<\/li>\n<li>Enregistrement de la compagnie a\u00e9rienne : Oui<\/li>\n<li>Bagages \u00e0 main en cabine : Non<\/li>\n<\/ul>\n<p><strong><a href=\"https:\/\/www.safety-case-solutions.com\/wp-content\/uploads\/2022\/02\/specsheet_945.pdf\">Fiche technique 945<\/a><\/strong><\/p>\n","protected":false},"featured_media":650,"template":"","meta":[],"product_cat":[95,277,105],"product_tag":[],"composite_virtual":false,"composite_layout":"","composite_add_to_cart_form_location":"","composite_editable_in_cart":false,"composite_sold_individually_context":"","composite_shop_price_calc":"","composite_components":[],"composite_scenarios":[],"jetpack_sharing_enabled":true,"_links":{"self":[{"href":"https:\/\/www.safety-case-solutions.com\/index.php\/wp-json\/wp\/v2\/product\/9232"}],"collection":[{"href":"https:\/\/www.safety-case-solutions.com\/index.php\/wp-json\/wp\/v2\/product"}],"about":[{"href":"https:\/\/www.safety-case-solutions.com\/index.php\/wp-json\/wp\/v2\/types\/product"}],"wp:featuredmedia":[{"embeddable":true,"href":"https:\/\/www.safety-case-solutions.com\/index.php\/wp-json\/wp\/v2\/media\/650"}],"wp:attachment":[{"href":"https:\/\/www.safety-case-solutions.com\/index.php\/wp-json\/wp\/v2\/media?parent=9232"}],"wp:term":[{"taxonomy":"product_cat","embeddable":true,"href":"https:\/\/www.safety-case-solutions.com\/index.php\/wp-json\/wp\/v2\/product_cat?post=9232"},{"taxonomy":"product_tag","embeddable":true,"href":"https:\/\/www.safety-case-solutions.com\/index.php\/wp-json\/wp\/v2\/product_tag?post=9232"}],"curies":[{"name":"wp","href":"https:\/\/api.w.org\/{rel}","templated":true}]}}