{"id":9227,"date":"2022-02-25T17:59:58","date_gmt":"2022-02-25T16:59:58","guid":{"rendered":"https:\/\/www.safety-case-solutions.com\/?post_type=product&#038;p=9227"},"modified":"2023-06-04T09:00:35","modified_gmt":"2023-06-04T07:00:35","slug":"nanuk-930-2","status":"publish","type":"product","link":"https:\/\/www.safety-case-solutions.com\/index.php\/produit\/nanuk-930-2\/","title":{"rendered":"Nanuk 930"},"content":{"rendered":"<p>La NANUK 930 l\u00e9g\u00e8re s\u00e9curise les \u00e9quipements plus volumineux et sensibles aux \u00e9l\u00e9ments. Sa coque en r\u00e9sine NK-7 imperm\u00e9able \u00e0 l&#8217;eau et \u00e0 la poussi\u00e8re, imp\u00e9n\u00e9trable et indestructible, reste bien ferm\u00e9e gr\u00e2ce \u00e0 son syst\u00e8me de verrouillage sup\u00e9rieur PowerClaw.<\/p>\n","protected":false},"excerpt":{"rendered":"<p>227,95\u20ac<br \/>\nLa NANUK 930 l\u00e9g\u00e8re s\u00e9curise les \u00e9quipements plus volumineux et sensibles aux \u00e9l\u00e9ments. Sa coque en r\u00e9sine NK-7 imperm\u00e9able \u00e0 l&#8217;eau et \u00e0 la poussi\u00e8re, imp\u00e9n\u00e9trable et indestructible, reste bien ferm\u00e9e gr\u00e2ce \u00e0 son syst\u00e8me de verrouillage sup\u00e9rieur PowerClaw.<\/p>\n<ul>\n<li>Int\u00e9rieur (L x l x H) : 457 x 330 x 175 mm<\/li>\n<li>Ext\u00e9rieur (L x l x H) : 503 x 406 x 193 mm<\/li>\n<li>\u00c9tanche \u00e0 l&#8217;eau (IPX7), \u00e0 la poussi\u00e8re (IP6X) et certifi\u00e9 MIL-SPEC<\/li>\n<li>Garantie \u00e0 vie<\/li>\n<li>Enregistrement de la compagnie a\u00e9rienne : Oui<\/li>\n<li>Bagages \u00e0 main en cabine : Oui<\/li>\n<\/ul>\n<p><strong><a href=\"https:\/\/www.safety-case-solutions.com\/wp-content\/uploads\/2022\/02\/specsheet_930.pdf\">Fiche technique 930<\/a><\/strong><\/p>\n","protected":false},"featured_media":639,"template":"","meta":[],"product_cat":[95,277],"product_tag":[],"composite_virtual":false,"composite_layout":"","composite_add_to_cart_form_location":"","composite_editable_in_cart":false,"composite_sold_individually_context":"","composite_shop_price_calc":"","composite_components":[],"composite_scenarios":[],"jetpack_sharing_enabled":true,"_links":{"self":[{"href":"https:\/\/www.safety-case-solutions.com\/index.php\/wp-json\/wp\/v2\/product\/9227"}],"collection":[{"href":"https:\/\/www.safety-case-solutions.com\/index.php\/wp-json\/wp\/v2\/product"}],"about":[{"href":"https:\/\/www.safety-case-solutions.com\/index.php\/wp-json\/wp\/v2\/types\/product"}],"wp:featuredmedia":[{"embeddable":true,"href":"https:\/\/www.safety-case-solutions.com\/index.php\/wp-json\/wp\/v2\/media\/639"}],"wp:attachment":[{"href":"https:\/\/www.safety-case-solutions.com\/index.php\/wp-json\/wp\/v2\/media?parent=9227"}],"wp:term":[{"taxonomy":"product_cat","embeddable":true,"href":"https:\/\/www.safety-case-solutions.com\/index.php\/wp-json\/wp\/v2\/product_cat?post=9227"},{"taxonomy":"product_tag","embeddable":true,"href":"https:\/\/www.safety-case-solutions.com\/index.php\/wp-json\/wp\/v2\/product_tag?post=9227"}],"curies":[{"name":"wp","href":"https:\/\/api.w.org\/{rel}","templated":true}]}}