{"id":9226,"date":"2022-02-25T17:59:58","date_gmt":"2022-02-25T16:59:58","guid":{"rendered":"https:\/\/www.safety-case-solutions.com\/?post_type=product&#038;p=9226"},"modified":"2023-06-04T09:00:35","modified_gmt":"2023-06-04T07:00:35","slug":"nanuk-925-2","status":"publish","type":"product","link":"https:\/\/www.safety-case-solutions.com\/index.php\/produit\/nanuk-925-2\/","title":{"rendered":"Nanuk 925"},"content":{"rendered":"<p>Les \u00e9l\u00e9ments n&#8217;ont aucune chance contre la NANUK 925. L&#8217;\u00e9quipement arrive \u00e0 destination sec, sans \u00e9gratignure, sans dommage, en bon \u00e9tat de fonctionnement et sans poussi\u00e8re gr\u00e2ce \u00e0 cette mallette. La NANUK 925 est con\u00e7ue pour organiser, prot\u00e9ger et transporter.<\/p>\n","protected":false},"excerpt":{"rendered":"<p>250,28\u20ac<br \/>\nLes \u00e9l\u00e9ments n&#8217;ont aucune chance contre la NANUK 925. L&#8217;\u00e9quipement arrive \u00e0 destination sec, sans \u00e9gratignure, sans dommage, en bon \u00e9tat de fonctionnement et sans poussi\u00e8re gr\u00e2ce \u00e0 cette mallette. La NANUK 925 est con\u00e7ue pour organiser, prot\u00e9ger et transporter.<\/p>\n<ul>\n<li>Int\u00e9rieur (L x l x H) : 432 x 300 x 163 mm<\/li>\n<li>Ext\u00e9rieur (L x l x H) : 475 x 376 x 178 mm<\/li>\n<li>\u00c9tanche \u00e0 l&#8217;eau (IPX7), \u00e0 la poussi\u00e8re (IP6X) et certifi\u00e9 MIL-SPEC<\/li>\n<li>Garantie \u00e0 vie<\/li>\n<li>Enregistrement de la compagnie a\u00e9rienne : Oui<\/li>\n<li>Bagages \u00e0 main en cabine : Oui<\/li>\n<\/ul>\n<p><strong><a href=\"https:\/\/www.safety-case-solutions.com\/wp-content\/uploads\/2022\/02\/specsheet_925.pdf\">Fiche technique 925<\/a><\/strong><\/p>\n","protected":false},"featured_media":637,"template":"","meta":[],"product_cat":[95,277,105],"product_tag":[],"composite_virtual":false,"composite_layout":"","composite_add_to_cart_form_location":"","composite_editable_in_cart":false,"composite_sold_individually_context":"","composite_shop_price_calc":"","composite_components":[],"composite_scenarios":[],"jetpack_sharing_enabled":true,"_links":{"self":[{"href":"https:\/\/www.safety-case-solutions.com\/index.php\/wp-json\/wp\/v2\/product\/9226"}],"collection":[{"href":"https:\/\/www.safety-case-solutions.com\/index.php\/wp-json\/wp\/v2\/product"}],"about":[{"href":"https:\/\/www.safety-case-solutions.com\/index.php\/wp-json\/wp\/v2\/types\/product"}],"wp:featuredmedia":[{"embeddable":true,"href":"https:\/\/www.safety-case-solutions.com\/index.php\/wp-json\/wp\/v2\/media\/637"}],"wp:attachment":[{"href":"https:\/\/www.safety-case-solutions.com\/index.php\/wp-json\/wp\/v2\/media?parent=9226"}],"wp:term":[{"taxonomy":"product_cat","embeddable":true,"href":"https:\/\/www.safety-case-solutions.com\/index.php\/wp-json\/wp\/v2\/product_cat?post=9226"},{"taxonomy":"product_tag","embeddable":true,"href":"https:\/\/www.safety-case-solutions.com\/index.php\/wp-json\/wp\/v2\/product_tag?post=9226"}],"curies":[{"name":"wp","href":"https:\/\/api.w.org\/{rel}","templated":true}]}}