{"id":9219,"date":"2022-02-25T17:59:57","date_gmt":"2022-02-25T16:59:57","guid":{"rendered":"https:\/\/www.safety-case-solutions.com\/?post_type=product&#038;p=9219"},"modified":"2023-06-04T09:00:32","modified_gmt":"2023-06-04T07:00:32","slug":"nanuk-905-2","status":"publish","type":"product","link":"https:\/\/www.safety-case-solutions.com\/index.php\/produit\/nanuk-905-2\/","title":{"rendered":"Nanuk 905"},"content":{"rendered":"<p>Parfaite pour organiser, prot\u00e9ger et transporter vos articles les plus volumineux mais n\u00e9anmoins compacts, la mallette rigide \u00e9tanche NANUK 905 est imp\u00e9n\u00e9trable et indestructible gr\u00e2ce \u00e0 sa coque en r\u00e9sine l\u00e9g\u00e8re et r\u00e9sistante et \u00e0 son double syst\u00e8me de verrouillage sup\u00e9rieur PowerClaw mont\u00e9 sur le c\u00f4t\u00e9.<\/p>\n","protected":false},"excerpt":{"rendered":"<p>80,23\u20ac<br \/>\nParfaite pour organiser, prot\u00e9ger et transporter vos articles les plus volumineux mais n\u00e9anmoins compacts, la mallette rigide \u00e9tanche NANUK 905 est imp\u00e9n\u00e9trable et indestructible gr\u00e2ce \u00e0 sa coque en r\u00e9sine l\u00e9g\u00e8re et r\u00e9sistante et \u00e0 son double syst\u00e8me de verrouillage sup\u00e9rieur PowerClaw mont\u00e9 sur le c\u00f4t\u00e9.<\/p>\n<ul>\n<li>Int\u00e9rieur (L x l x H) : 239 x 188 x 140 mm<\/li>\n<li>Ext\u00e9rieur (L x l x H) : 318 x 257 x 152 mm<\/li>\n<li>\u00c9tanche \u00e0 l&#8217;eau (IPX7), \u00e0 la poussi\u00e8re (IP6X) et certifi\u00e9 MIL-SPEC<\/li>\n<li>Garantie \u00e0 vie<\/li>\n<li>Enregistrement de la compagnie a\u00e9rienne : Oui<\/li>\n<li>Bagages \u00e0 main en cabine : Oui<\/li>\n<\/ul>\n<p><strong><a href=\"https:\/\/www.safety-case-solutions.com\/wp-content\/uploads\/2022\/02\/specsheet_905.pdf\">Fiche technique 905<\/a><\/strong><\/p>\n","protected":false},"featured_media":623,"template":"","meta":[],"product_cat":[95,277],"product_tag":[],"composite_virtual":false,"composite_layout":"","composite_add_to_cart_form_location":"","composite_editable_in_cart":false,"composite_sold_individually_context":"","composite_shop_price_calc":"","composite_components":[],"composite_scenarios":[],"jetpack_sharing_enabled":true,"_links":{"self":[{"href":"https:\/\/www.safety-case-solutions.com\/index.php\/wp-json\/wp\/v2\/product\/9219"}],"collection":[{"href":"https:\/\/www.safety-case-solutions.com\/index.php\/wp-json\/wp\/v2\/product"}],"about":[{"href":"https:\/\/www.safety-case-solutions.com\/index.php\/wp-json\/wp\/v2\/types\/product"}],"wp:featuredmedia":[{"embeddable":true,"href":"https:\/\/www.safety-case-solutions.com\/index.php\/wp-json\/wp\/v2\/media\/623"}],"wp:attachment":[{"href":"https:\/\/www.safety-case-solutions.com\/index.php\/wp-json\/wp\/v2\/media?parent=9219"}],"wp:term":[{"taxonomy":"product_cat","embeddable":true,"href":"https:\/\/www.safety-case-solutions.com\/index.php\/wp-json\/wp\/v2\/product_cat?post=9219"},{"taxonomy":"product_tag","embeddable":true,"href":"https:\/\/www.safety-case-solutions.com\/index.php\/wp-json\/wp\/v2\/product_tag?post=9219"}],"curies":[{"name":"wp","href":"https:\/\/api.w.org\/{rel}","templated":true}]}}