{"id":9214,"date":"2022-02-25T17:59:56","date_gmt":"2022-02-25T16:59:56","guid":{"rendered":"https:\/\/www.safety-case-solutions.com\/?post_type=product&#038;p=9214"},"modified":"2023-06-04T09:00:31","modified_gmt":"2023-06-04T07:00:31","slug":"nanuk-nano-310-premiers-secours-2-2","status":"publish","type":"product","link":"https:\/\/www.safety-case-solutions.com\/index.php\/produit\/nanuk-nano-310-premiers-secours-2-2\/","title":{"rendered":"Nanuk nano 310 Premiers secours."},"content":{"rendered":"<p>R\u00e9sistant \u00e0 l&#8217;eau et \u00e0 la poussi\u00e8re, le NANO 310 r\u00e9siste \u00e0 tout. Son syst\u00e8me de verrouillage sup\u00e9rieur PowerClaw et sa coque en polycarbonate emp\u00eachent les \u00e9l\u00e9ments d&#8217;entrer. \u00c0 l&#8217;int\u00e9rieur, vos objets de valeur au format de poche restent en s\u00e9curit\u00e9 gr\u00e2ce \u00e0 une sangle de protection en caoutchouc, tandis qu&#8217;un syst\u00e8me intelligent Smartstrap veille \u00e0 ce que l&#8217;\u00e9tui ne quitte jamais votre c\u00f4t\u00e9.<\/p>\n","protected":false},"excerpt":{"rendered":"<p>37,48\u20ac<br \/>\nR\u00e9sistant \u00e0 l&#8217;eau et \u00e0 la poussi\u00e8re, le NANO 310 r\u00e9siste \u00e0 tout. Son syst\u00e8me de verrouillage sup\u00e9rieur PowerClaw et sa coque en polycarbonate emp\u00eachent les \u00e9l\u00e9ments d&#8217;entrer. \u00c0 l&#8217;int\u00e9rieur, vos objets de valeur au format de poche restent en s\u00e9curit\u00e9 gr\u00e2ce \u00e0 une sangle de protection en caoutchouc, tandis qu&#8217;un syst\u00e8me intelligent Smartstrap veille \u00e0 ce que l&#8217;\u00e9tui ne quitte jamais votre c\u00f4t\u00e9.<\/p>\n<ul>\n<li>Int\u00e9rieur (L x l x H) : 131 x 77 x 28 mm<\/li>\n<li>Ext\u00e9rieur (L x l x H) : 149 x 110 x 43 mm<\/li>\n<li>Mat\u00e9riel : Polycarbonate ultra-r\u00e9sistant<\/li>\n<li>R\u00e9sistant \u00e0 l&#8217;eau (IP65) : Oui<\/li>\n<li>Enregistrement de la compagnie a\u00e9rienne : Oui<\/li>\n<li>Bagages \u00e0 main en cabine : Oui<\/li>\n<li>Garantie : Garantie conditionnelle \u00e0 vie<\/li>\n<\/ul>\n<p><strong><a href=\"https:\/\/www.safety-case-solutions.com\/wp-content\/uploads\/2022\/02\/specsheet-outdoor-nano-first-aid.pdf\">Fiche technique nano 310 premiers secours<\/a><\/strong><\/p>\n","protected":false},"featured_media":597,"template":"","meta":[],"product_cat":[95,277],"product_tag":[],"composite_virtual":false,"composite_layout":"","composite_add_to_cart_form_location":"","composite_editable_in_cart":false,"composite_sold_individually_context":"","composite_shop_price_calc":"","composite_components":[],"composite_scenarios":[],"jetpack_sharing_enabled":true,"_links":{"self":[{"href":"https:\/\/www.safety-case-solutions.com\/index.php\/wp-json\/wp\/v2\/product\/9214"}],"collection":[{"href":"https:\/\/www.safety-case-solutions.com\/index.php\/wp-json\/wp\/v2\/product"}],"about":[{"href":"https:\/\/www.safety-case-solutions.com\/index.php\/wp-json\/wp\/v2\/types\/product"}],"wp:featuredmedia":[{"embeddable":true,"href":"https:\/\/www.safety-case-solutions.com\/index.php\/wp-json\/wp\/v2\/media\/597"}],"wp:attachment":[{"href":"https:\/\/www.safety-case-solutions.com\/index.php\/wp-json\/wp\/v2\/media?parent=9214"}],"wp:term":[{"taxonomy":"product_cat","embeddable":true,"href":"https:\/\/www.safety-case-solutions.com\/index.php\/wp-json\/wp\/v2\/product_cat?post=9214"},{"taxonomy":"product_tag","embeddable":true,"href":"https:\/\/www.safety-case-solutions.com\/index.php\/wp-json\/wp\/v2\/product_tag?post=9214"}],"curies":[{"name":"wp","href":"https:\/\/api.w.org\/{rel}","templated":true}]}}