{"id":9213,"date":"2022-02-25T17:59:56","date_gmt":"2022-02-25T16:59:56","guid":{"rendered":"https:\/\/www.safety-case-solutions.com\/?post_type=product&#038;p=9213"},"modified":"2023-06-04T09:00:31","modified_gmt":"2023-06-04T07:00:31","slug":"nanuk-nano-330-2","status":"publish","type":"product","link":"https:\/\/www.safety-case-solutions.com\/index.php\/produit\/nanuk-nano-330-2\/","title":{"rendered":"Nanuk nano 330"},"content":{"rendered":"<p>Compact et con\u00e7u pour les conditions les plus difficiles, la Nano 330 est parfaite pour prot\u00e9ger les gros t\u00e9l\u00e9phones, les c\u00e2bles, les cl\u00e9s, les portefeuilles, les cartes de cr\u00e9dit, les cartes SD\/m\u00e9moire, les cigares, les briquets et bien plus encore. Sa sangle int\u00e9rieure en caoutchouc maintient les objets \u00e0 leur place, tandis que son loquet PowerClaw garantit que m\u00eame les plus grosses gouttes ne l&#8217;ouvriront pas. Le Nano 330 prot\u00e8ge votre \u00e9quipement des intemp\u00e9ries gr\u00e2ce \u00e0 sa coque en polycarbonate r\u00e9sistant aux chocs, \u00e0 sa conception \u00e9tanche \u00e0 l&#8217;eau et \u00e0 son joint anti-poussi\u00e8re.<\/p>\n","protected":false},"excerpt":{"rendered":"<p>47,93\u20ac<br \/>\nCompact et con\u00e7u pour les conditions les plus difficiles, la Nano 330 est parfaite pour prot\u00e9ger les gros t\u00e9l\u00e9phones, les c\u00e2bles, les cl\u00e9s, les portefeuilles, les cartes de cr\u00e9dit, les cartes SD\/m\u00e9moire, les cigares, les briquets et bien plus encore. Sa sangle int\u00e9rieure en caoutchouc maintient les objets \u00e0 leur place, tandis que son loquet PowerClaw garantit que m\u00eame les plus grosses gouttes ne l&#8217;ouvriront pas. Le Nano 330 prot\u00e8ge votre \u00e9quipement des intemp\u00e9ries gr\u00e2ce \u00e0 sa coque en polycarbonate r\u00e9sistant aux chocs, \u00e0 sa conception \u00e9tanche \u00e0 l&#8217;eau et \u00e0 son joint anti-poussi\u00e8re.<\/p>\n<ul>\n<li>Int\u00e9rieur (L x l x H) : 170 x 96 x 49 mm<\/li>\n<li>Ext\u00e9rieur (L x l x H) : 188 x 130 x 65 mm<\/li>\n<li>Mat\u00e9riel : Polycarbonate ultra-r\u00e9sistant<\/li>\n<li>R\u00e9sistant \u00e0 l&#8217;eau (IP65) : Oui<\/li>\n<li>Enregistrement de la compagnie a\u00e9rienne : Oui<\/li>\n<li>Bagages \u00e0 main en cabine : Oui<\/li>\n<li>Garantie : Garantie conditionnelle \u00e0 vie<\/li>\n<\/ul>\n<p><strong><a href=\"https:\/\/www.safety-case-solutions.com\/wp-content\/uploads\/2022\/02\/specsheet_330.pdf\">Fiche technique 330<\/a><\/strong><\/p>\n","protected":false},"featured_media":731,"template":"","meta":[],"product_cat":[95,277],"product_tag":[],"composite_virtual":false,"composite_layout":"","composite_add_to_cart_form_location":"","composite_editable_in_cart":false,"composite_sold_individually_context":"","composite_shop_price_calc":"","composite_components":[],"composite_scenarios":[],"jetpack_sharing_enabled":true,"_links":{"self":[{"href":"https:\/\/www.safety-case-solutions.com\/index.php\/wp-json\/wp\/v2\/product\/9213"}],"collection":[{"href":"https:\/\/www.safety-case-solutions.com\/index.php\/wp-json\/wp\/v2\/product"}],"about":[{"href":"https:\/\/www.safety-case-solutions.com\/index.php\/wp-json\/wp\/v2\/types\/product"}],"wp:featuredmedia":[{"embeddable":true,"href":"https:\/\/www.safety-case-solutions.com\/index.php\/wp-json\/wp\/v2\/media\/731"}],"wp:attachment":[{"href":"https:\/\/www.safety-case-solutions.com\/index.php\/wp-json\/wp\/v2\/media?parent=9213"}],"wp:term":[{"taxonomy":"product_cat","embeddable":true,"href":"https:\/\/www.safety-case-solutions.com\/index.php\/wp-json\/wp\/v2\/product_cat?post=9213"},{"taxonomy":"product_tag","embeddable":true,"href":"https:\/\/www.safety-case-solutions.com\/index.php\/wp-json\/wp\/v2\/product_tag?post=9213"}],"curies":[{"name":"wp","href":"https:\/\/api.w.org\/{rel}","templated":true}]}}