{"id":9163,"date":"2022-02-25T17:59:26","date_gmt":"2022-02-25T16:59:26","guid":{"rendered":"https:\/\/www.safety-case-solutions.com\/?post_type=product&#038;p=9163"},"modified":"2023-06-04T09:00:24","modified_gmt":"2023-06-04T07:00:24","slug":"diviseur-rembourre-nanuk-920-2","status":"publish","type":"product","link":"https:\/\/www.safety-case-solutions.com\/index.php\/produit\/diviseur-rembourre-nanuk-920-2\/","title":{"rendered":"Diviseur rembourr\u00e9 Nanuk 920."},"content":{"rendered":"<p>S\u00e9parateurs rembourr\u00e9s sont le bon choix. Facilement adapt\u00e9s \u00e0 vos besoins avec des attaches auto-agrippantes repositionnables, nos s\u00e9parateurs rembourr\u00e9s sont con\u00e7us pour organiser et prot\u00e9ger facilement votre \u00e9quipement.<\/p>\n","protected":false},"excerpt":{"rendered":"<p>S\u00e9parateurs rembourr\u00e9s avec attaches auto-agrippantes repositionnables.<\/p>\n","protected":false},"featured_media":4897,"template":"","meta":[],"product_cat":[201,107],"product_tag":[],"composite_virtual":false,"composite_layout":"","composite_add_to_cart_form_location":"","composite_editable_in_cart":false,"composite_sold_individually_context":"","composite_shop_price_calc":"","composite_components":[],"composite_scenarios":[],"jetpack_sharing_enabled":true,"_links":{"self":[{"href":"https:\/\/www.safety-case-solutions.com\/index.php\/wp-json\/wp\/v2\/product\/9163"}],"collection":[{"href":"https:\/\/www.safety-case-solutions.com\/index.php\/wp-json\/wp\/v2\/product"}],"about":[{"href":"https:\/\/www.safety-case-solutions.com\/index.php\/wp-json\/wp\/v2\/types\/product"}],"wp:featuredmedia":[{"embeddable":true,"href":"https:\/\/www.safety-case-solutions.com\/index.php\/wp-json\/wp\/v2\/media\/4897"}],"wp:attachment":[{"href":"https:\/\/www.safety-case-solutions.com\/index.php\/wp-json\/wp\/v2\/media?parent=9163"}],"wp:term":[{"taxonomy":"product_cat","embeddable":true,"href":"https:\/\/www.safety-case-solutions.com\/index.php\/wp-json\/wp\/v2\/product_cat?post=9163"},{"taxonomy":"product_tag","embeddable":true,"href":"https:\/\/www.safety-case-solutions.com\/index.php\/wp-json\/wp\/v2\/product_tag?post=9163"}],"curies":[{"name":"wp","href":"https:\/\/api.w.org\/{rel}","templated":true}]}}