{"id":9156,"date":"2022-02-25T17:59:04","date_gmt":"2022-02-25T16:59:04","guid":{"rendered":"https:\/\/www.safety-case-solutions.com\/?post_type=product&#038;p=9156"},"modified":"2023-06-04T09:00:17","modified_gmt":"2023-06-04T07:00:17","slug":"mousse-en-cubes-nanuk-985-2","status":"publish","type":"product","link":"https:\/\/www.safety-case-solutions.com\/index.php\/produit\/mousse-en-cubes-nanuk-985-2\/","title":{"rendered":"Mousse  Nanuk 985"},"content":{"rendered":"<p>Fabriqu\u00e9 en mousse de polyur\u00e9thane de haute qualit\u00e9, l&#8217;ensemble multicouche d&#8217;inserts personnalisables comprend une couche amovible pr\u00e9-encoch\u00e9e*. Cette couche est constitu\u00e9e de carr\u00e9s de mousse qui peuvent \u00eatre retir\u00e9s dans diff\u00e9rentes configurations pour s&#8217;adapter au contenu de la mallette. Cette solution est id\u00e9ale si vous recherchez un moyen rapide et facile de prot\u00e9ger et d&#8217;organiser vos articles.<\/p>\n","protected":false},"excerpt":{"rendered":"<p>Mousse Nanuk Fabriqu\u00e9e en mousse de polyur\u00e9thane.<\/p>\n","protected":false},"featured_media":7988,"template":"","meta":[],"product_cat":[159,320],"product_tag":[],"composite_virtual":false,"composite_layout":"","composite_add_to_cart_form_location":"","composite_editable_in_cart":false,"composite_sold_individually_context":"","composite_shop_price_calc":"","composite_components":[],"composite_scenarios":[],"jetpack_sharing_enabled":true,"_links":{"self":[{"href":"https:\/\/www.safety-case-solutions.com\/index.php\/wp-json\/wp\/v2\/product\/9156"}],"collection":[{"href":"https:\/\/www.safety-case-solutions.com\/index.php\/wp-json\/wp\/v2\/product"}],"about":[{"href":"https:\/\/www.safety-case-solutions.com\/index.php\/wp-json\/wp\/v2\/types\/product"}],"wp:featuredmedia":[{"embeddable":true,"href":"https:\/\/www.safety-case-solutions.com\/index.php\/wp-json\/wp\/v2\/media\/7988"}],"wp:attachment":[{"href":"https:\/\/www.safety-case-solutions.com\/index.php\/wp-json\/wp\/v2\/media?parent=9156"}],"wp:term":[{"taxonomy":"product_cat","embeddable":true,"href":"https:\/\/www.safety-case-solutions.com\/index.php\/wp-json\/wp\/v2\/product_cat?post=9156"},{"taxonomy":"product_tag","embeddable":true,"href":"https:\/\/www.safety-case-solutions.com\/index.php\/wp-json\/wp\/v2\/product_tag?post=9156"}],"curies":[{"name":"wp","href":"https:\/\/api.w.org\/{rel}","templated":true}]}}