{"id":12834,"date":"2022-11-13T12:12:59","date_gmt":"2022-11-13T11:12:59","guid":{"rendered":"https:\/\/www.safety-case-solutions.com\/?post_type=product&#038;p=12834"},"modified":"2023-06-04T09:02:14","modified_gmt":"2023-06-04T07:02:14","slug":"nanuk-910-cuir-rouge-personnalisable-surpiqures-noires","status":"publish","type":"product","link":"https:\/\/www.safety-case-solutions.com\/index.php\/produit\/nanuk-910-cuir-rouge-personnalisable-surpiqures-noires\/","title":{"rendered":"Nanuk 910 Cuir Rouge Surpiq\u00fbres Noires"},"content":{"rendered":"<p>Con\u00e7ue pour organiser, prot\u00e9ger, transporter et survivre dans des conditions difficiles, la mallette \u00e9tanche NANUK 910 est imp\u00e9n\u00e9trable et indestructible gr\u00e2ce \u00e0 sa coque en r\u00e9sine NK-7 l\u00e9g\u00e8re et r\u00e9sistante et \u00e0 son syst\u00e8me de verrouillage sup\u00e9rieur PowerClaw.<\/p>\n<p>La finitions <strong><em>Prestige<\/em><\/strong> augmente l&#8217;aspect esth\u00e9tique par l&#8217;ajout d&#8217;un rev\u00eatement en CUIR PLEINE FLEUR !!!!<\/p>\n<p>Finitions<\/p>\n<ul>\n<li>Surpiq\u00fbre\u00a0<strong>Noire<\/strong>\u00a0( pour un effet tranch\u00e9 mais harmonieux).<\/li>\n<\/ul>\n<p><strong>Valise vendue sans mousse int\u00e9rieure<\/strong><\/p>\n<p>Mousse <a href=\"https:\/\/www.safety-case-solutions.com\/index.php\/produit\/mousse-en-cubes-nanuk-910-2\/\">Nanuk 910<\/a> de s\u00e9rie ou <a href=\"https:\/\/www.safety-case-solutions.com\/index.php\/custom\/\">Custom.<\/a><\/p>\n","protected":false},"excerpt":{"rendered":"<p>500,92\u20ac<br \/>\nCon\u00e7ue pour organiser, prot\u00e9ger, transporter et survivre dans des conditions difficiles, la mallette \u00e9tanche NANUK 910 est imp\u00e9n\u00e9trable et indestructible gr\u00e2ce \u00e0 sa coque en r\u00e9sine NK-7 l\u00e9g\u00e8re et r\u00e9sistante et \u00e0 son syst\u00e8me de verrouillage sup\u00e9rieur PowerClaw.<\/p>\n<ul>\n<li>Int\u00e9rieur (L x l x H) : 336 x 234 x 104 mm<\/li>\n<li>Ext\u00e9rieur (L x l x H) : 363 x 282 x 120 mm<\/li>\n<li>\u00c9tanche \u00e0 l&#8217;eau (IPX7), \u00e0 la poussi\u00e8re (IP6X) et certifi\u00e9 MIL-SPEC<\/li>\n<li>Garantie \u00e0 vie<\/li>\n<li>Enregistrement de la compagnie a\u00e9rienne : Oui<\/li>\n<li>Bagages \u00e0 main en cabine : Oui<\/li>\n<\/ul>\n<p><strong><a href=\"https:\/\/www.safety-case-solutions.com\/wp-content\/uploads\/2022\/02\/specsheet_910.pdf\">Fiche technique 910<\/a><\/strong><\/p>\n","protected":false},"featured_media":12519,"template":"","meta":[],"product_cat":[348],"product_tag":[],"composite_virtual":false,"composite_layout":"","composite_add_to_cart_form_location":"","composite_editable_in_cart":false,"composite_sold_individually_context":"","composite_shop_price_calc":"","composite_components":[],"composite_scenarios":[],"jetpack_sharing_enabled":true,"_links":{"self":[{"href":"https:\/\/www.safety-case-solutions.com\/index.php\/wp-json\/wp\/v2\/product\/12834"}],"collection":[{"href":"https:\/\/www.safety-case-solutions.com\/index.php\/wp-json\/wp\/v2\/product"}],"about":[{"href":"https:\/\/www.safety-case-solutions.com\/index.php\/wp-json\/wp\/v2\/types\/product"}],"wp:featuredmedia":[{"embeddable":true,"href":"https:\/\/www.safety-case-solutions.com\/index.php\/wp-json\/wp\/v2\/media\/12519"}],"wp:attachment":[{"href":"https:\/\/www.safety-case-solutions.com\/index.php\/wp-json\/wp\/v2\/media?parent=12834"}],"wp:term":[{"taxonomy":"product_cat","embeddable":true,"href":"https:\/\/www.safety-case-solutions.com\/index.php\/wp-json\/wp\/v2\/product_cat?post=12834"},{"taxonomy":"product_tag","embeddable":true,"href":"https:\/\/www.safety-case-solutions.com\/index.php\/wp-json\/wp\/v2\/product_tag?post=12834"}],"curies":[{"name":"wp","href":"https:\/\/api.w.org\/{rel}","templated":true}]}}