{"id":12748,"date":"2022-10-02T11:22:15","date_gmt":"2022-10-02T09:22:15","guid":{"rendered":"https:\/\/www.safety-case-solutions.com\/?post_type=product&#038;p=12748"},"modified":"2023-06-04T09:02:14","modified_gmt":"2023-06-04T07:02:14","slug":"mousse-browning-gp-35-scs-nanuk-910","status":"publish","type":"product","link":"https:\/\/www.safety-case-solutions.com\/index.php\/produit\/mousse-browning-gp-35-scs-nanuk-910\/","title":{"rendered":"Mousse Browning GP 35 SCS + Nanuk 910"},"content":{"rendered":"<p><span style=\"vertical-align: inherit;\">Simple et complet,\u00a0 cet ensemble,\u00a0 jeux de mousses et valise <\/span>\u00a0vous permettront\u00a0 le transport de votre pistolet <strong>Browning GP 35<\/strong> \u00a0en toute s\u00e9curit\u00e9 .<\/p>\n<ul>\n<li>Valise Nanuk 910;<\/li>\n<li><span style=\"vertical-align: inherit;\">La mousse inf\u00e9rieure int\u00e8gre un liser\u00e9 rouge de 6 mm et peut accueillir 1 pistolet Browning GP 35 et 2 chargeurs;<\/span><\/li>\n<li><span style=\"vertical-align: inherit;\">La mousse sup\u00e9rieure peut accueillir 1 t\u00e9moin de chambre vide (Drapeau vendu s\u00e9par\u00e9ment).\u00a0<\/span><\/li>\n<\/ul>\n<p><span style=\"vertical-align: inherit;\">Technique et esth\u00e9tique nos mousses sont totalement hydrophobes et antichoc.<\/span><\/p>\n<p>&nbsp;<\/p>\n","protected":false},"excerpt":{"rendered":"<p><span style=\"vertical-align: inherit;\">Simple et complet,\u00a0 cet ensemble,\u00a0 jeux de mousses et valise <\/span>\u00a0vous permettront\u00a0 le transport de votre pistolet <strong>Browning GP 35<\/strong> \u00a0en toute s\u00e9curit\u00e9 .<\/p>\n<ul>\n<li>Valise Nanuk 910;<\/li>\n<li><span style=\"vertical-align: inherit;\">La mousse inf\u00e9rieure int\u00e8gre un liser\u00e9 rouge de 6 mm et peut accueillir 1 pistolet Browning GP 35 et 2 chargeurs;<\/span><\/li>\n<li><span style=\"vertical-align: inherit;\">La mousse sup\u00e9rieure peut accueillir 1 t\u00e9moin de chambre vide (Drapeau vendu s\u00e9par\u00e9ment).\u00a0<\/span><\/li>\n<\/ul>\n<p><span style=\"vertical-align: inherit;\">Technique et esth\u00e9tique nos mousses sont totalement hydrophobes et antichoc.<\/span><\/p>\n<p>Les conditions d\u2019utilisation, ainsi que les proc\u00e9dures de nettoyage sont disponibles dans l\u2019onglet \u201d\u00a0<strong>S<\/strong><strong><em>upport &amp; informations techniques\u201d<\/em><\/strong>.<\/p>\n<p>&nbsp;<\/p>\n<p>&nbsp;<\/p>\n<p>&nbsp;<\/p>\n","protected":false},"featured_media":12753,"template":"","meta":[],"product_cat":[321],"product_tag":[],"composite_virtual":false,"composite_layout":"","composite_add_to_cart_form_location":"","composite_editable_in_cart":false,"composite_sold_individually_context":"","composite_shop_price_calc":"","composite_components":[],"composite_scenarios":[],"jetpack_sharing_enabled":true,"_links":{"self":[{"href":"https:\/\/www.safety-case-solutions.com\/index.php\/wp-json\/wp\/v2\/product\/12748"}],"collection":[{"href":"https:\/\/www.safety-case-solutions.com\/index.php\/wp-json\/wp\/v2\/product"}],"about":[{"href":"https:\/\/www.safety-case-solutions.com\/index.php\/wp-json\/wp\/v2\/types\/product"}],"wp:featuredmedia":[{"embeddable":true,"href":"https:\/\/www.safety-case-solutions.com\/index.php\/wp-json\/wp\/v2\/media\/12753"}],"wp:attachment":[{"href":"https:\/\/www.safety-case-solutions.com\/index.php\/wp-json\/wp\/v2\/media?parent=12748"}],"wp:term":[{"taxonomy":"product_cat","embeddable":true,"href":"https:\/\/www.safety-case-solutions.com\/index.php\/wp-json\/wp\/v2\/product_cat?post=12748"},{"taxonomy":"product_tag","embeddable":true,"href":"https:\/\/www.safety-case-solutions.com\/index.php\/wp-json\/wp\/v2\/product_tag?post=12748"}],"curies":[{"name":"wp","href":"https:\/\/api.w.org\/{rel}","templated":true}]}}