{"id":11186,"date":"2022-03-07T07:29:21","date_gmt":"2022-03-07T06:29:21","guid":{"rendered":"https:\/\/www.safety-case-solutions.com\/?post_type=product&#038;p=11186"},"modified":"2023-06-04T09:02:03","modified_gmt":"2023-06-04T07:02:03","slug":"panneaux-interieurs-lexan","status":"publish","type":"product","link":"https:\/\/www.safety-case-solutions.com\/index.php\/produit\/panneaux-interieurs-lexan\/","title":{"rendered":"Panneaux int\u00e9rieurs LEXAN"},"content":{"rendered":"","protected":false},"excerpt":{"rendered":"<p>Panneaux en Lexan facilement ajout\u00e9 aux mallettes gr\u00e2ce aux syst\u00e8me de lunette int\u00e9gr\u00e9. Le Panneaux Lexan est profil\u00e9 par un panneau en polycarbonate de 3\/16\u2033 d\u2019\u00e9paisseur avec des vis de montage en acier inoxydable et un joint d\u2019\u00e9tanch\u00e9it\u00e9 d\u00e9coup\u00e9 \u00e0 l\u2019emporte-pi\u00e8ce.<\/p>\n<p>&nbsp;<\/p>\n","protected":false},"featured_media":3243,"template":"","meta":[],"product_cat":[323,325],"product_tag":[],"composite_virtual":false,"composite_layout":"","composite_add_to_cart_form_location":"","composite_editable_in_cart":false,"composite_sold_individually_context":"","composite_shop_price_calc":"","composite_components":[],"composite_scenarios":[],"jetpack_sharing_enabled":true,"_links":{"self":[{"href":"https:\/\/www.safety-case-solutions.com\/index.php\/wp-json\/wp\/v2\/product\/11186"}],"collection":[{"href":"https:\/\/www.safety-case-solutions.com\/index.php\/wp-json\/wp\/v2\/product"}],"about":[{"href":"https:\/\/www.safety-case-solutions.com\/index.php\/wp-json\/wp\/v2\/types\/product"}],"wp:featuredmedia":[{"embeddable":true,"href":"https:\/\/www.safety-case-solutions.com\/index.php\/wp-json\/wp\/v2\/media\/3243"}],"wp:attachment":[{"href":"https:\/\/www.safety-case-solutions.com\/index.php\/wp-json\/wp\/v2\/media?parent=11186"}],"wp:term":[{"taxonomy":"product_cat","embeddable":true,"href":"https:\/\/www.safety-case-solutions.com\/index.php\/wp-json\/wp\/v2\/product_cat?post=11186"},{"taxonomy":"product_tag","embeddable":true,"href":"https:\/\/www.safety-case-solutions.com\/index.php\/wp-json\/wp\/v2\/product_tag?post=11186"}],"curies":[{"name":"wp","href":"https:\/\/api.w.org\/{rel}","templated":true}]}}