{"id":11157,"date":"2022-03-07T06:56:01","date_gmt":"2022-03-07T05:56:01","guid":{"rendered":"https:\/\/www.safety-case-solutions.com\/?post_type=product&#038;p=11157"},"modified":"2023-06-04T09:01:59","modified_gmt":"2023-06-04T07:01:59","slug":"organisateurs-de-couvercles","status":"publish","type":"product","link":"https:\/\/www.safety-case-solutions.com\/index.php\/produit\/organisateurs-de-couvercles\/","title":{"rendered":"Organisateurs de couvercles"},"content":{"rendered":"","protected":false},"excerpt":{"rendered":"<p>L&#8217;organiseur de couvercle NANUK est l&#8217;accessoire d&#8217;organisation et de commodit\u00e9 id\u00e9al \u00e0 ajouter \u00e0 votre valise. L&#8217;int\u00e9rieur moul\u00e9 est con\u00e7u pour vous aider \u00e0 garder votre mat\u00e9riel, vos cordons d&#8217;alimentation et vos accessoires enti\u00e8rement organis\u00e9s et visibles. L&#8217;organiseur de couvercle comprend un jeu de vis de fixation pour une installation facile et sans stress. Les caract\u00e9ristiques comprennent trois ou cinq compartiments \u00e0 fermeture \u00e9clair, transparents et anti-d\u00e9chirure de diff\u00e9rentes tailles pour le rangement d&#8217;un grand nombre de mat\u00e9riel.<\/p>\n<p><strong><a href=\"https:\/\/www.safety-case-solutions.com\/wp-content\/uploads\/2022\/03\/specsheet-accessories-lid-organizer.pdf\">Fiche technique Organisateur de couvercle<\/a><\/strong><\/p>\n","protected":false},"featured_media":11183,"template":"","meta":[],"product_cat":[325],"product_tag":[],"composite_virtual":false,"composite_layout":"","composite_add_to_cart_form_location":"","composite_editable_in_cart":false,"composite_sold_individually_context":"","composite_shop_price_calc":"","composite_components":[],"composite_scenarios":[],"jetpack_sharing_enabled":true,"_links":{"self":[{"href":"https:\/\/www.safety-case-solutions.com\/index.php\/wp-json\/wp\/v2\/product\/11157"}],"collection":[{"href":"https:\/\/www.safety-case-solutions.com\/index.php\/wp-json\/wp\/v2\/product"}],"about":[{"href":"https:\/\/www.safety-case-solutions.com\/index.php\/wp-json\/wp\/v2\/types\/product"}],"wp:featuredmedia":[{"embeddable":true,"href":"https:\/\/www.safety-case-solutions.com\/index.php\/wp-json\/wp\/v2\/media\/11183"}],"wp:attachment":[{"href":"https:\/\/www.safety-case-solutions.com\/index.php\/wp-json\/wp\/v2\/media?parent=11157"}],"wp:term":[{"taxonomy":"product_cat","embeddable":true,"href":"https:\/\/www.safety-case-solutions.com\/index.php\/wp-json\/wp\/v2\/product_cat?post=11157"},{"taxonomy":"product_tag","embeddable":true,"href":"https:\/\/www.safety-case-solutions.com\/index.php\/wp-json\/wp\/v2\/product_tag?post=11157"}],"curies":[{"name":"wp","href":"https:\/\/api.w.org\/{rel}","templated":true}]}}