{"id":12041,"date":"2022-03-28T23:09:27","date_gmt":"2022-03-28T21:09:27","guid":{"rendered":"https:\/\/www.safety-case-solutions.com\/?page_id=12041"},"modified":"2022-03-30T09:56:14","modified_gmt":"2022-03-30T07:56:14","slug":"mentions-legales","status":"publish","type":"page","link":"https:\/\/www.safety-case-solutions.com\/index.php\/mentions-legales\/","title":{"rendered":"Mentions l\u00e9gales"},"content":{"rendered":"\n<p class=\"has-text-align-center has-medium-font-size\"><strong>SAFETY CASE SOLUTIONS<\/strong><\/p>\n\n\n\n<p>Le site Safety case solutions est \u00e9dit\u00e9 et g\u00e9r\u00e9 par:<\/p>\n\n\n\n<p> <\/p>\n\n\n\n<p class=\"has-text-align-center\"><strong><mark style=\"background-color:rgba(0, 0, 0, 0)\" class=\"has-inline-color has-luminous-vivid-amber-color\">Safety Case solutions Firearms<\/mark> <\/strong><\/p>\n\n\n\n<p class=\"has-text-align-center\">53 Avenue des Hameaux &#8211; 91130 Ris-Orangis (France)<\/p>\n\n\n\n<p class=\"has-text-align-center\">SAS au capital de 5 000,00\u20ac<\/p>\n\n\n\n<p class=\"has-text-align-center\">Directeur de la publication :  <strong>Fr\u00e9d\u00e9ric GUEBE<\/strong><\/p>\n\n\n\n<p class=\"has-text-align-center\">R.C.S  908 919 319 EVRY<\/p>\n\n\n\n<p class=\"has-text-align-center\">Siret : 908 919 319 00016 &#8211; TVA Intracommunautaire:<\/p>\n\n\n\n<p class=\"has-text-align-center\"> FR87908919319<\/p>\n\n\n\n<p class=\"has-text-align-center\">Email:<a href=\"https:\/\/www.safety-case-solutions.com\/index.php\/contact\/\" target=\"_blank\" rel=\"noreferrer noopener\"> contact@safety-case-solutions.com<\/a><\/p>\n\n\n\n<p class=\"has-text-align-center\">H\u00e9bergeur  : <mark style=\"background-color:rgba(0, 0, 0, 0)\" class=\"has-inline-color has-vivid-cyan-blue-color\"><a href=\"https:\/\/www.ovhcloud.com\/fr\/\" target=\"_blank\" rel=\"noreferrer noopener\">OVH<\/a><\/mark><\/p>\n\n\n\n<p class=\"has-text-align-center\">Si\u00e8ge social : 2 rue Kellermann &#8211; 59100 Roubaix &#8211; France<\/p>\n\n\n\n<p class=\"has-text-align-center\">T\u00e9l\u00e9phone de contact : 09 72 10 10 07<\/p>\n","protected":false},"excerpt":{"rendered":"<p>SAFETY CASE SOLUTIONS Le site Safety case solutions est \u00e9dit\u00e9 et g\u00e9r\u00e9 par: Safety Case solutions Firearms 53 Avenue des Hameaux &#8211; 91130 Ris-Orangis (France) SAS au capital de 5 000,00\u20ac Directeur de la publication : Fr\u00e9d\u00e9ric GUEBE R.C.S 908 919 319 EVRY Siret : 908 919 319 00016 &#8211; TVA Intracommunautaire: FR87908919319 Email: contact@safety-case-solutions.com [&hellip;]<\/p>\n","protected":false},"author":2,"featured_media":0,"parent":0,"menu_order":0,"comment_status":"closed","ping_status":"closed","template":"","meta":{"footnotes":""},"jetpack_sharing_enabled":true,"_links":{"self":[{"href":"https:\/\/www.safety-case-solutions.com\/index.php\/wp-json\/wp\/v2\/pages\/12041"}],"collection":[{"href":"https:\/\/www.safety-case-solutions.com\/index.php\/wp-json\/wp\/v2\/pages"}],"about":[{"href":"https:\/\/www.safety-case-solutions.com\/index.php\/wp-json\/wp\/v2\/types\/page"}],"author":[{"embeddable":true,"href":"https:\/\/www.safety-case-solutions.com\/index.php\/wp-json\/wp\/v2\/users\/2"}],"replies":[{"embeddable":true,"href":"https:\/\/www.safety-case-solutions.com\/index.php\/wp-json\/wp\/v2\/comments?post=12041"}],"version-history":[{"count":15,"href":"https:\/\/www.safety-case-solutions.com\/index.php\/wp-json\/wp\/v2\/pages\/12041\/revisions"}],"predecessor-version":[{"id":12099,"href":"https:\/\/www.safety-case-solutions.com\/index.php\/wp-json\/wp\/v2\/pages\/12041\/revisions\/12099"}],"wp:attachment":[{"href":"https:\/\/www.safety-case-solutions.com\/index.php\/wp-json\/wp\/v2\/media?parent=12041"}],"curies":[{"name":"wp","href":"https:\/\/api.w.org\/{rel}","templated":true}]}}