{"id":12037,"date":"2022-03-28T14:41:54","date_gmt":"2022-03-28T12:41:54","guid":{"rendered":"https:\/\/www.safety-case-solutions.com\/?page_id=12037"},"modified":"2022-04-25T07:44:32","modified_gmt":"2022-04-25T05:44:32","slug":"conditions-generales-de-ventes","status":"publish","type":"page","link":"https:\/\/www.safety-case-solutions.com\/index.php\/conditions-generales-de-ventes\/","title":{"rendered":"Conditions g\u00e9n\u00e9rales de vente"},"content":{"rendered":"\n<p>Pr\u00e9ambule :<\/p>\n\n\n\n<p class=\"has-text-align-justify\">Le site est la propri\u00e9t\u00e9 de la soci\u00e9t\u00e9 <mark style=\"background-color:rgba(0, 0, 0, 0)\" class=\"has-inline-color has-black-color\"><strong>SAFETY CASE<\/strong> SOLUTIONS FIREARMS SAS<\/mark> en sa totalit\u00e9, ainsi que l&#8217;ensemble des droits y aff\u00e9rents. Toute reproduction, int\u00e9grale ou partielle, est soumise \u00e0 l&#8217;autorisation des propri\u00e9taires.<\/p>\n\n\n\n<p class=\"has-text-align-justify\">Droit \u00e0 la r\u00e9tractation :<br>Pour toute demande de r\u00e9tractation d&#8217;achat, merci de nous faire parvenir votre demande par courrier recommand\u00e9 avec accus\u00e9 de r\u00e9ception.<\/p>\n\n\n\n<p class=\"has-text-align-justify\">Satisfait ou Rembours\u00e9 pendant 14 jours : pour tout achat de produit via notre site vous b\u00e9n\u00e9ficiez d&#8217;un d\u00e9lai de r\u00e9tractation de 14 jours. A compter de la livraison de votre commande, vous pouvez nous retourner le produit, les frais de r\u00e9exp\u00e9dition restant \u00e0 votre charge.<\/p>\n\n\n\n<p class=\"has-text-align-justify\">Veuillez noter que le remboursement n&#8217;interviendra que lorsque la marchandise sera re\u00e7ue et contr\u00f4l\u00e9e int\u00e9gralement, l\u2019assurance retour de la totalit\u00e9 de la commande restant \u00e0 la charge du Client.<\/p>\n\n\n\n<p class=\"has-text-align-center\">Aucun remboursement ne pourra \u00eatre effectu\u00e9 sans r\u00e9ception de la marchandise chez :                                                                       <\/p>\n\n\n\n<p class=\"has-text-align-left\">                                                                <mark style=\"background-color:rgba(0, 0, 0, 0)\" class=\"has-inline-color has-black-color\"> SAFETY CASE SOLUTIONS FIREARMS, 53 Avenue des Hameaux 91130 RIS ORANGIS<\/mark><\/p>\n\n\n\n<p>En cas de d\u00e9t\u00e9rioration partielle ou totale du produit re\u00e7u, une d\u00e9cote pourra \u00eatre effectu\u00e9e.<\/p>\n\n\n\n<p class=\"has-text-align-justify\">En cas de remplacement d&#8217;un article par un autre demand\u00e9 par le client, les frais de retour et d&#8217;exp\u00e9dition restent \u00e0 la charge du client.<\/p>\n\n\n\n<p>D\u00e9lais de livraison et disponibilit\u00e9s des produits :<\/p>\n\n\n\n<p class=\"has-text-align-justify\">Une dur\u00e9e maximale de<em> 23 jours ouvr\u00e9s<\/em> pour les produits stock\u00e9s standards et <em>45 jours ouvr\u00e9s<\/em> pour les commandes dites sur-mesure (custom shop) apr\u00e8s encaissement de votre r\u00e8glement. En cas de rupture de stock d&#8217;un ou de plusieurs produits, un remboursement partiel ou total peut \u00eatre appliqu\u00e9 en cas de d\u00e9lais trop long ou inconnus.<\/p>\n\n\n\n<p class=\"has-text-align-justify\">Certains produits peuvent avoir un d\u00e9lai de livraison plus long, celui-ci est indiqu\u00e9 sur la fiche article, dans ce cas, le d\u00e9lai de livraison de la commande sera le d\u00e9lai maximum de l&#8217;article command\u00e9 (hors cas de force majeure : intemp\u00e9rie par exemple).<\/p>\n\n\n\n<p class=\"has-text-align-justify\">Mise en \u0153uvre de la garantie et du service apr\u00e8s-vente :<\/p>\n\n\n\n<p class=\"has-text-align-justify\">En cas de dysfonctionnement d&#8217;un article pendant sa garantie l\u00e9gale, nous nous engageons \u00e0 le r\u00e9parer ou proc\u00e9der \u00e0 son \u00e9change. Les frais de transports aller et retour restent \u00e0 la charge du client.<\/p>\n\n\n\n<p class=\"has-text-align-justify\">R\u00e8glement des litiges : les contestations qui pourraient s&#8217;\u00e9lever entre les parties seront soumises aux tribunaux comp\u00e9tents dans le cas o\u00f9 aucun accord amiable ne pourrait intervenir.<\/p>\n\n\n\n<p class=\"has-text-align-justify\">Engagement en mati\u00e8re de protection des donn\u00e9es : conform\u00e9ment \u00e0 la Loi du 6 janvier 1978, vous disposez d&#8217;un droit d&#8217;acc\u00e8s et de modification aux informations vous concernant aupr\u00e8s de la direction des \u00e9tablissements SAFETY CASE SOLUTIONS FIREARMS SAS.<\/p>\n\n\n\n<ol><li>Acceptation des conditions<\/li><\/ol>\n\n\n\n<p class=\"has-text-align-justify\">Le client reconna\u00eet avoir pris connaissance, au moment de la passation de commande, des conditions particuli\u00e8res de vente \u00e9nonc\u00e9es sur cet \u00e9cran et d\u00e9clare express\u00e9ment les accepter sans r\u00e9serve.<\/p>\n\n\n\n<p class=\"has-text-align-justify\">Les pr\u00e9sentes conditions g\u00e9n\u00e9rales de vente r\u00e9gissent les relations contractuelles entre les \u00e9tablissements SAFETY CASE SOLUTIONS FIREARMS et son client, les deux parties les acceptant sans r\u00e9serve. Ces conditions g\u00e9n\u00e9rales de vente pr\u00e9vaudront sur toutes autres conditions figurant dans tout autre document, sauf d\u00e9rogation pr\u00e9alable, expresse et \u00e9crite.<\/p>\n\n\n\n<ol start=\"2\"><li>Produits<\/li><\/ol>\n\n\n\n<p class=\"has-text-align-justify\">Si des erreurs s&#8217;y sont introduites, en aucun cas, la responsabilit\u00e9 de SAFETY CASE SOLUTIONS FIREARMS SAS ne pourra \u00eatre engag\u00e9e. La majorit\u00e9 des produits propos\u00e9s \u00e0 ses clients par la soci\u00e9t\u00e9 SAFETY CASE SOLUTIONS FIREARMS sont disponibles dans notre stock ou dans ceux de nos fournisseurs.<\/p>\n\n\n\n<ol start=\"3\"><li>Commande<\/li><\/ol>\n\n\n\n<p class=\"has-text-align-justify\">Les syst\u00e8mes d&#8217;enregistrement automatique sont consid\u00e9r\u00e9s comme valant preuve, de la nature, du contenu et de la date de la commande. La soci\u00e9t\u00e9 SAFETY CASE SOLUTIONS FIREARMS SAS confirme l&#8217;acceptation de sa commande au client \u00e0 l&#8217;adresse mail que celui-ci aura communiqu\u00e9. La vente ne sera conclue qu&#8217;\u00e0 compter de la confirmation de la commande.<\/p>\n\n\n\n<p class=\"has-text-align-justify\">SAFETY CASE SOLUTIONS FIREARMS SAS se r\u00e9serve le droit d&#8217;annuler toute commande d&#8217;un client avec lequel existerait un litige relatif au paiement d&#8217;une commande ant\u00e9rieure. Les informations \u00e9nonc\u00e9es par l&#8217;acheteur, lors de la prise de commande engagent celui-ci : en cas d&#8217;erreur dans le libell\u00e9 des coordonn\u00e9es du destinataire, le vendeur ne saurait \u00eatre tenu responsable de l&#8217;impossibilit\u00e9 dans laquelle il pourrait \u00eatre de livrer le produit.<\/p>\n\n\n\n<ol start=\"4\"><li>Livraison<\/li><\/ol>\n\n\n\n<p class=\"has-text-align-justify\">Apr\u00e8s confirmation de commande, La soci\u00e9t\u00e9 SAFETY CASE SOLUTIONS FIREARMS SAS s\u2019engage \u00e0 livrer \u00e0 son transporteur, toutes les r\u00e9f\u00e9rences command\u00e9es par l&#8217;acheteur dans un d\u00e9lai maximal de 23 jours ouvr\u00e9s pour les produits en stock. Ce transporteur s&#8217;engage par contrat avec les \u00e9tablissements SAFETY CASE SOLUTIONS FIREARMS SAS \u00e0 livrer la commande \u00e0 l&#8217;adresse de l&#8217;acheteur fournie par SAFETY CASE SOLUTIONS FIREARMS SAS.<\/p>\n\n\n\n<p class=\"has-text-align-justify\">Pour les livraisons hors de la France m\u00e9tropolitaine le client s&#8217;engage \u00e0 r\u00e9gler toutes les taxes dues \u00e0 l&#8217;importation de produits, droit de douane, taxe sur la valeur ajout\u00e9e, et toutes autres taxes dues en vertu des lois du<br>pays de r\u00e9ception de la commande.<\/p>\n\n\n\n<p class=\"has-text-align-justify\">Toute les commandes pass\u00e9es \u00e0 la soci\u00e9t\u00e9 SAFETY CASE SOLUTIONS FIREARMS SAS sont destin\u00e9es \u00e0 l&#8217;usage personnel des clients, les clients ou les destinataires des produits s&#8217;interdisent toute revente partielle ou totale des produits sans un accord de partenariat pr\u00e9c\u00e9demment conclu.<\/p>\n\n\n\n<p class=\"has-text-align-justify\">SAFETY CASE SOLUTIONS FIREARMS SAS se d\u00e9gage de fait de toute responsabilit\u00e9 juridique si l&#8217;acquittement des taxes n&#8217;\u00e9tait pas effectu\u00e9 par le client.<\/p>\n\n\n\n<p class=\"has-text-align-justify\">La livraison sera effectu\u00e9e par tous transporteurs s\u00e9lectionn\u00e9s par SAFETY CASE SOLUTIONS FIREARMS SAS et propos\u00e9 au client lors de la validation de la commande.<br>Les retards \u00e9ventuels ne donnent pas le droit \u00e0 l&#8217;acheteur de r\u00e9clamer des dommages et int\u00e9r\u00eats ni le remboursement du transport.<\/p>\n\n\n\n<p class=\"has-text-align-justify\">En cas de d\u00e9fauts apparents, l&#8217;acheteur b\u00e9n\u00e9ficie du droit de retour dans les conditions pr\u00e9vues dans ce document en ayant \u00e9mis des r\u00e9serves lors de la r\u00e9ception de ses colis.<\/p>\n\n\n\n<p class=\"has-text-align-justify\">Sont consid\u00e9r\u00e9s comme cas de force majeure d\u00e9chargeant le vendeur de son obligation de livrer, la guerre, l&#8217;\u00e9meute, l&#8217;incendie, les gr\u00e8ves, les accidents et l&#8217;impossibilit\u00e9 d&#8217;\u00eatre approvisionn\u00e9s. Les marchandises voyagent toujours aux risques et p\u00e9rils du destinataire.<\/p>\n\n\n\n<p class=\"has-text-align-justify\">V\u00e9rification imp\u00e9rative de votre colis \u00e0 la livraison. Vous disposez d&#8217;un d\u00e9lai de 48 heures pour faire d&#8217;\u00e9ventuelles r\u00e9serves aupr\u00e8s du transporteur en cas de manquant ou de d\u00e9gradation.<\/p>\n\n\n\n<p class=\"has-text-align-justify\">Pour des raisons de disponibilit\u00e9, une commande peut \u00eatre livr\u00e9e en plusieurs fois au client. Le client ne r\u00e8gle alors qu&#8217;une seule livraison. Si le client souhaite 2 lieux de livraison, il passe 2 commandes, avec les frais de livraison li\u00e9s.<\/p>\n\n\n\n<ol start=\"5\"><li>R\u00e9tractation<\/li><\/ol>\n\n\n\n<p class=\"has-text-align-justify\">Vous avez 14 jours (\u00e0 compter de la r\u00e9ception des articles) pour vous faire une opinion. En cas d&#8217;\u00e9change ou remboursement, renvoyez-le(les) article(s) neuf(s) dans son(leurs) emballage(s) d&#8217;origine, intact, (ne pas mettre de scotch sur l&#8217;emballage), accompagn\u00e9 de tous les accessoires \u00e9ventuels, notices d&#8217;emploi et documentations \u00e0 l&#8217;adresse suivante :<\/p>\n\n\n\n<p class=\"has-text-align-center\"><mark style=\"background-color:rgba(0, 0, 0, 0)\" class=\"has-inline-color has-black-color\">SAFETY CASE SOLUTIONS FIREARMS<br>53 Avenue des Hameaux 91130 RIS ORANGIS<br>FRANCE<\/mark><\/p>\n\n\n\n<p>En cas de d\u00e9t\u00e9rioration de l&#8217;emballage ou absence de l&#8217;emballage, nous nous r\u00e9servons le droit de refuser le retour.<\/p>\n\n\n\n<p class=\"has-text-align-justify\">En cas de prestation r\u00e9alis\u00e9e dans le cadre des commandes dites sur-mesure (custom shop), le d\u00e9lai n&#8217;est pas applicable conform\u00e9ment \u00e0 l&#8217;article L121-20-2 du code de la consommation, il ne pourra \u00eatre ni repris ni \u00e9chang\u00e9.<br>Le client sera engag\u00e9 et aura valid\u00e9 lors des diff\u00e9rentes \u00e9tapes constitutives da sa proposition de cr\u00e9ation valant bon de commande, les \u00e9l\u00e9ments techniques de sa commande.<\/p>\n\n\n\n<p class=\"has-text-align-justify\">En cas d&#8217;exercice du droit de r\u00e9tractation, SAFETY CASE SOLUTIONS FIREARMS SAS est tenue au remboursement des sommes vers\u00e9es par le client, sans frais.<br>Le remboursement est d\u00fb dans un d\u00e9lai maximum de 30 jours. Le remboursement de l&#8217;achat ne pourra se faire que lorsque la marchandise sera re\u00e7ue par SAFETY CASE SOLUTIONS FIREARMS SAS.<br>L&#8217;acheteur est responsable de la marchandise jusqu&#8217;\u00e0 la r\u00e9ception chez :<br>SAFETY CASE SOLUTIONS FIREARMS, 53 Avenue des Hameaux 91130 RIS ORANGIS FRANCE<br>En cas de non-r\u00e9ception de la marchandise la soci\u00e9t\u00e9 SAS SAFETY CASE SOLUTIONS FIREARMS ne pourra proc\u00e9der au remboursement du client.<\/p>\n\n\n\n<ol start=\"6\"><li>Prix<\/li><\/ol>\n\n\n\n<p class=\"has-text-align-justify\">Le prix est exprim\u00e9 en euros.<br>Le prix indiqu\u00e9 sur les fiches produit ne comprend pas le transport.<br>Le prix indiqu\u00e9 dans la confirmation de commande est le prix d\u00e9finitif, exprim\u00e9 toutes taxes comprises et incluant la TVA pour la France et les pays de la CEE. Ce prix comprend le prix des produits, les frais de manutention, d&#8217;emballage et de conservation des produits, les frais de transport et de mise en service. Les prix de notre site internet sont valable pour toute commande en ligne effectu\u00e9e sur : <a href=\"https:\/\/www.safety-case-solutions.com\/\" target=\"_blank\" rel=\"noreferrer noopener\">www. Safety-case-solutions.fr<\/a><\/p>\n\n\n\n<ol start=\"7\"><li>Paiement<\/li><\/ol>\n\n\n\n<p class=\"has-text-align-justify\">Le prix factur\u00e9 au client est le prix indiqu\u00e9 sur la confirmation de commande adress\u00e9e par SAFETY CASE SOLUTIONS FIREARMS SAS.<br>Le prix des produits est payable au comptant le jour de la commande effective.<br>Le paiement s&#8217;effectue par carte bancaire portant le sigle CB ou virement.<\/p>\n\n\n\n<p class=\"has-text-align-justify\">SAFETY CASE SOLUTIONS.fr vous permet de r\u00e9gler via un service et serveur bancaire de la BANQUE POPULAIRE RIEVES DE PARIS dans un environnement s\u00e9curis\u00e9 https.<br>Votre n\u00b0 de carte bancaire est donc dirig\u00e9 vers les serveurs de la banque , votre r\u00e8glement s&#8217;effectue directement \u00e0 une banque dans un environnement s\u00e9curis\u00e9 sans passer par le serveur de la boutique, garantie d&#8217;autant plus importante que vos N\u00b0 sont connus seulement de notre partenaire bancaire (BANQUE POPULAIRE RUEVES DE PARIS).<br>La commande valid\u00e9e par le client ne sera consid\u00e9r\u00e9e effective que lorsque les centres de paiement bancaire concern\u00e9s auront donn\u00e9 leur accord. En cas de refus des dits centres, la commande sera automatiquement annul\u00e9e et le client pr\u00e9venu par courrier \u00e9lectronique. Par ailleurs, la soci\u00e9t\u00e9 SAFETY CASE SOLUTIONS FIREARMS SAS se r\u00e9serve le droit de refuser toute commande d&#8217;un client avec lequel existerait un litige.<br>Les marchandises restent la propri\u00e9t\u00e9 de SAFETY CASE SOLUTIONS FIREARMS SAS jusqu&#8217;au paiement int\u00e9gral de celle-ci.<\/p>\n\n\n\n<p class=\"has-text-align-justify\">L\u2019absence de paiement int\u00e9gral dans le d\u00e9lai pr\u00e9vu entra\u00eenera de plein droit la facturation d\u2019une clause p\u00e9nale \u00e0 hauteur de 15% de la somme impay\u00e9e, avec un minimum de 20 euros.<\/p>\n\n\n\n<ol start=\"8\"><li>Litiges<\/li><\/ol>\n\n\n\n<p class=\"has-text-align-justify\">Le pr\u00e9sent contrat est soumis au droit fran\u00e7ais. La soci\u00e9t\u00e9 SAFETY CASE SOLUTIONS FIREARMS ne peut \u00eatre tenue pour responsable des dommages de toute nature, tant mat\u00e9riels qu&#8217;immat\u00e9riels ou corporels, qui pourraient r\u00e9sulter d&#8217;un mauvais fonctionnement ou de la mauvaise utilisation des produits commercialis\u00e9s. Il en est de m\u00eame pour les \u00e9ventuelles modifications des produits r\u00e9sultant des fabricants. La responsabilit\u00e9 de SAFETY CASE SOLUTIONS FIREARMS SAS sera, en tout \u00e9tat de cause, limit\u00e9e au montant de la commande et ne saurait \u00eatre mise en cause pour de simples erreurs ou omissions qui auraient pu subsister malgr\u00e9 toutes les pr\u00e9cautions prises dans la pr\u00e9sentation des produits En cas de difficult\u00e9s dans l&#8217;application du pr\u00e9sent contrat, l&#8217;acheteur a la possibilit\u00e9, avant toute action en justice, de rechercher une solution amiable notamment avec l&#8217;aide :<br>d&#8217;une association professionnelle de la branche , d&#8217;une association de consommateurs ou de tout autre conseil de son choix . Il est rappel\u00e9 que la recherche de la solution amiable n&#8217;interrompt pas la garantie contractuelle. Il est rappel\u00e9 qu&#8217;en r\u00e8gle g\u00e9n\u00e9rale et sous r\u00e9serve de l&#8217;appr\u00e9ciation des Tribunaux, le respect des dispositions du pr\u00e9sent contrat relatives \u00e0 la garantie contractuelle suppose que l&#8217;acheteur honore ses engagements financiers envers le vendeur.<br>Les r\u00e9clamations ou contestations seront toujours re\u00e7ues avec bienveillance, la bonne foi \u00e9tant toujours pr\u00e9sum\u00e9e chez celui qui prend la peine d&#8217;exposer ses situations. En cas de litige, le client s&#8217;adressera par priorit\u00e9 \u00e0 l&#8217;entreprise pour obtenir une solution amiable.<\/p>\n\n\n\n<ol start=\"9\"><li>Garantie<\/li><\/ol>\n\n\n\n<p class=\"has-text-align-justify\">Dans tous les cas SAFETY CASE SOLUTIONS FIREARMS SAS ne pourra \u00eatre tenu pour responsable pour non-respect des dispositions r\u00e9glementaires et l\u00e9gislatives en vigueur dans le pays de r\u00e9ception, la responsabilit\u00e9 de SAFETY CASE SOLUTIONS FIREARMS SAS est syst\u00e9matiquement limit\u00e9e \u00e0 la valeur du produit mis en cause, valeur \u00e0 sa date de vente et ce sans possibilit\u00e9s de recours envers la marque ou la soci\u00e9t\u00e9 productrice du produit.<br>En toute hypoth\u00e8se, le client b\u00e9n\u00e9ficie de la garantie l\u00e9gale d&#8217;\u00e9viction et des vices cach\u00e9s (Art.1625 et suivants du Code Civil). A la condition que l&#8217;acheteur fasse la preuve du d\u00e9faut cach\u00e9, le vendeur doit l\u00e9galement en r\u00e9parer toutes les cons\u00e9quences (art.1641 et suivants du code civil) ; si l&#8217;acheteur s&#8217;adresse aux tribunaux, il doit le faire dans un d\u00e9lai de 2 ans \u00e0 compter de la d\u00e9livrance du produit (art. L211-7 du code de la consommation).<br>Vous pouvez contacter le service client\u00e8le aux coordonn\u00e9es suivantes :<\/p>\n\n\n\n<p class=\"has-text-align-center\"><br><a href=\"https:\/\/www.safety-case-solutions.com\/index.php\/contact\/\" target=\"_blank\" rel=\"noreferrer noopener\">contact@safety-case-solutions.com<\/a><\/p>\n\n\n\n<ol start=\"10\"><li>Informations l\u00e9gales<\/li><\/ol>\n\n\n\n<p class=\"has-text-align-justify\">Le renseignement des informations nominatives collect\u00e9es aux fins de la vente \u00e0 distance est obligatoire, ces informations \u00e9tant indispensables pour le traitement et l&#8217;acheminement des commandes, l&#8217;\u00e9tablissement des factures et contrats de garantie. Le d\u00e9faut de renseignement entra\u00eene la non-validation de la commande. Conform\u00e9ment \u00e0 la loi &#8221; Informatique et Libert\u00e9s &#8220;, le traitement des informations nominatives relatives aux clients a fait l&#8217;objet d&#8217;une d\u00e9claration aupr\u00e8s de la Commission Nationale de l&#8217;Informatique et des Libert\u00e9s (CNIL). Le client dispose (article 34 de la loi du 6 janvier 1978) d&#8217;un droit d&#8217;acc\u00e8s, de modification, de rectification et de suppression des donn\u00e9es qui le concernent, qu&#8217;il peut exercer aupr\u00e8s des \u00e9tablissements SAFETY CASE SOLUTIONS FIREARMS. De plus, la soci\u00e9t\u00e9 SAFETY CASE SOLUTIONS FIREARMS s&#8217;engage \u00e0 ne pas communiquer, gratuitement ou avec contrepartie, les coordonn\u00e9es de ses clients \u00e0 un tiers.<\/p>\n","protected":false},"excerpt":{"rendered":"<p>Pr\u00e9ambule : Le site est la propri\u00e9t\u00e9 de la soci\u00e9t\u00e9 SAFETY CASE SOLUTIONS FIREARMS SAS en sa totalit\u00e9, ainsi que l&#8217;ensemble des droits y aff\u00e9rents. Toute reproduction, int\u00e9grale ou partielle, est soumise \u00e0 l&#8217;autorisation des propri\u00e9taires. Droit \u00e0 la r\u00e9tractation :Pour toute demande de r\u00e9tractation d&#8217;achat, merci de nous faire parvenir votre demande par courrier [&hellip;]<\/p>\n","protected":false},"author":2,"featured_media":0,"parent":0,"menu_order":0,"comment_status":"closed","ping_status":"closed","template":"","meta":{"footnotes":""},"jetpack_sharing_enabled":true,"_links":{"self":[{"href":"https:\/\/www.safety-case-solutions.com\/index.php\/wp-json\/wp\/v2\/pages\/12037"}],"collection":[{"href":"https:\/\/www.safety-case-solutions.com\/index.php\/wp-json\/wp\/v2\/pages"}],"about":[{"href":"https:\/\/www.safety-case-solutions.com\/index.php\/wp-json\/wp\/v2\/types\/page"}],"author":[{"embeddable":true,"href":"https:\/\/www.safety-case-solutions.com\/index.php\/wp-json\/wp\/v2\/users\/2"}],"replies":[{"embeddable":true,"href":"https:\/\/www.safety-case-solutions.com\/index.php\/wp-json\/wp\/v2\/comments?post=12037"}],"version-history":[{"count":5,"href":"https:\/\/www.safety-case-solutions.com\/index.php\/wp-json\/wp\/v2\/pages\/12037\/revisions"}],"predecessor-version":[{"id":12273,"href":"https:\/\/www.safety-case-solutions.com\/index.php\/wp-json\/wp\/v2\/pages\/12037\/revisions\/12273"}],"wp:attachment":[{"href":"https:\/\/www.safety-case-solutions.com\/index.php\/wp-json\/wp\/v2\/media?parent=12037"}],"curies":[{"name":"wp","href":"https:\/\/api.w.org\/{rel}","templated":true}]}}